{"id":24597,"date":"2021-10-01T11:43:40","date_gmt":"2021-10-01T11:43:40","guid":{"rendered":"https:\/\/ppgtsthis.com.br\/?page_id=24597"},"modified":"2021-11-30T16:21:59","modified_gmt":"2021-11-30T19:21:59","slug":"impacto-social","status":"publish","type":"page","link":"https:\/\/ppghistoria.com.br\/en\/impacto-social\/","title":{"rendered":"Social Impact"},"content":{"rendered":"<div data-elementor-type=\"wp-page\" data-elementor-id=\"24597\" class=\"elementor elementor-24597\">\n\t\t\t\t\t\t<section class=\"elementor-section elementor-top-section elementor-element elementor-element-953e33e elementor-section-height-min-height elementor-section-boxed elementor-section-height-default elementor-section-items-middle\" data-id=\"953e33e\" data-element_type=\"section\" data-settings=\"{&quot;background_background&quot;:&quot;classic&quot;}\">\n\t\t\t\t\t\t\t<div class=\"elementor-background-overlay\"><\/div>\n\t\t\t\t\t\t\t<div class=\"elementor-container elementor-column-gap-default\">\n\t\t\t\t\t<div class=\"elementor-column elementor-col-33 elementor-top-column elementor-element elementor-element-f3621de\" data-id=\"f3621de\" data-element_type=\"column\">\n\t\t\t<div class=\"elementor-widget-wrap\">\n\t\t\t\t\t\t\t<\/div>\n\t\t<\/div>\n\t\t\t\t<div class=\"elementor-column elementor-col-33 elementor-top-column elementor-element elementor-element-4c83e05\" data-id=\"4c83e05\" data-element_type=\"column\">\n\t\t\t<div class=\"elementor-widget-wrap elementor-element-populated\">\n\t\t\t\t\t\t<div class=\"elementor-element elementor-element-a03a863 elementor-widget elementor-widget-heading\" data-id=\"a03a863\" data-element_type=\"widget\" data-widget_type=\"heading.default\">\n\t\t\t\t<div class=\"elementor-widget-container\">\n\t\t\t\t\t<h2 class=\"elementor-heading-title elementor-size-default\">Social Impact<\/h2>\t\t\t\t<\/div>\n\t\t\t\t<\/div>\n\t\t\t\t\t<\/div>\n\t\t<\/div>\n\t\t\t\t<div class=\"elementor-column elementor-col-33 elementor-top-column elementor-element elementor-element-c15e1e5\" data-id=\"c15e1e5\" data-element_type=\"column\">\n\t\t\t<div class=\"elementor-widget-wrap\">\n\t\t\t\t\t\t\t<\/div>\n\t\t<\/div>\n\t\t\t\t\t<\/div>\n\t\t<\/section>\n\t\t\t\t<section class=\"elementor-section elementor-top-section elementor-element elementor-element-93d11d0 elementor-section-boxed elementor-section-height-default elementor-section-height-default\" data-id=\"93d11d0\" data-element_type=\"section\">\n\t\t\t\t\t\t<div class=\"elementor-container elementor-column-gap-default\">\n\t\t\t\t\t<div class=\"elementor-column elementor-col-100 elementor-top-column elementor-element elementor-element-d0bdb94\" data-id=\"d0bdb94\" data-element_type=\"column\">\n\t\t\t<div class=\"elementor-widget-wrap elementor-element-populated\">\n\t\t\t\t\t\t<div class=\"elementor-element elementor-element-524c134 elementor-widget elementor-widget-text-editor\" data-id=\"524c134\" data-element_type=\"widget\" data-widget_type=\"text-editor.default\">\n\t\t\t\t<div class=\"elementor-widget-container\">\n\t\t\t\t\t\t\t\t\t<p>Painting <strong>Eliseu Visconti<\/strong><\/p>\t\t\t\t\t\t\t\t<\/div>\n\t\t\t\t<\/div>\n\t\t\t\t\t<\/div>\n\t\t<\/div>\n\t\t\t\t\t<\/div>\n\t\t<\/section>\n\t\t\t\t<section class=\"elementor-section elementor-top-section elementor-element elementor-element-86cab5c elementor-section-content-middle elementor-section-boxed elementor-section-height-default elementor-section-height-default\" data-id=\"86cab5c\" data-element_type=\"section\">\n\t\t\t\t\t\t<div class=\"elementor-container elementor-column-gap-no\">\n\t\t\t\t\t<div class=\"elementor-column elementor-col-100 elementor-top-column elementor-element elementor-element-6361c83\" data-id=\"6361c83\" data-element_type=\"column\">\n\t\t\t<div class=\"elementor-widget-wrap elementor-element-populated\">\n\t\t\t\t\t\t<div class=\"elementor-element elementor-element-17fbd09 elementor-widget elementor-widget-text-editor\" data-id=\"17fbd09\" data-element_type=\"widget\" data-widget_type=\"text-editor.default\">\n\t\t\t\t<div class=\"elementor-widget-container\">\n\t\t\t\t\t\t\t\t\t<p>The democratisation of knowledge, the integration of the graduate programme with the undergraduate programme, and the complementary profile of the work of staff and students are fundamental objectives of the programme, that significantly promote research, teaching and out-reach carried out within the programme. In this way, PPGH promotes academic activities like seminars, symposiums, conferences, and debates that happen both on-site and remotely. The activities carried out are innovative experiences made possible by the exchange of ideas and thematic and methodological suggestions. Together, such actions, act in complementary student education and the circulation of the research carried out nationally and internationally, hoping to attract an external public interested in the historical knowledge produced to the university.<\/p><p>Entre os eventos, cabe destaque para a Semana de Hist\u00f3ria Pol\u00edtica, organizada pelos discentes vinculados ao Programa, tem o intuito de fomentar o debate acad\u00eamico com professores, rec\u00e9m-doutores, p\u00f3s-graduandos e graduandos de todo o pa\u00eds, possibilitando a divulga\u00e7\u00e3o da produ\u00e7\u00e3o historiogr\u00e1fica dos interessados e promovendo o interc\u00e2mbio de ideias entre estudantes, profissionais e institui\u00e7\u00f5es. A Semana contribui, assim, para a solidifica\u00e7\u00e3o do PPGH, al\u00e9m de investir na produ\u00e7\u00e3o editorial da <em>Revista Dia-Logos<\/em>, fruto imediato do desenvolvimento deste evento.<\/p><p>Nestes per\u00edodos acad\u00eamicos especiais (PAEs), em raz\u00e3o da pandemia de covid, o corpo docente do PPGH dedicou-se \u00e0 experi\u00eancia inovadora de realizar as atividades virtuais, atrav\u00e9s do Facebook e do YouTube, entre outras plataformas e redes sociais. Estes meios de comunica\u00e7\u00e3o tornaram-se um novo mecanismo de di\u00e1logo, intera\u00e7\u00e3o e difus\u00e3o de temas de pesquisa, assim como possibilitaram a amplia\u00e7\u00e3o do contato dos docentes e discentes do Programa com professores especialistas de institui\u00e7\u00e3o nacionais e estrangeiras.<\/p><p>Ao lado disto, diversos docentes mobilizam fomentos provenientes de Bolsas de Produtividade em Pesquisa do CNPq, bolsas de Pesquisador S\u00eanior\/UERJ, Cientista do Nosso Estado e Jovem Cientista do Nosso Estado da FAPERJ, entre outras, cujos recursos revertem em publica\u00e7\u00f5es de livros e artigos em peri\u00f3dicos, assim como nas orienta\u00e7\u00f5es que visam alcan\u00e7ar o n\u00edvel de excel\u00eancia e se materializam em Disserta\u00e7\u00f5es de Mestrado e Teses de Doutorado, projetos de Inicia\u00e7\u00e3o Cient\u00edfica e Monografias de gradua\u00e7\u00e3o. O programa apresenta tamb\u00e9m participa\u00e7\u00e3o bem sucedida em editais nacionais e internacionais.<\/p><p>As bolsas de estudos provenientes dos \u00f3rg\u00e3os de fomentos \u2013 CNPq, FAPERJ, CAPES \u2013 destinam-se a graduandos de Inicia\u00e7\u00e3o Cient\u00edfica, a mestrandos e a doutorandos, conforme sua classifica\u00e7\u00e3o nos respectivos processos de sele\u00e7\u00e3o. Os editais PDSE\/CAPES, quando abertos, permitem uma bolsa de doutorado-sandu\u00edche no exterior, o que tamb\u00e9m pode ser buscado independentemente mediante editais da FAPERJ e CNPq.<\/p><p>Considerando outrossim que todo conhecimento pressup\u00f5e uma responsabilidade social, e que a forma\u00e7\u00e3o de mestres e doutores e a pesquisa de qualidade devem caminhar para al\u00e9m do mundo acad\u00eamico, o PPGH dedica-se tamb\u00e9m a estabelecer uma interface do com a sociedade. Esse caminho tem sido trilhado mediante atividades extra-classe que contribuem para a melhoria do ensino fundamental, m\u00e9dio e de gradua\u00e7\u00e3o, e ratificadas nas atividades de extens\u00e3o, consolidando o impacto socioeducacional do programa.<\/p><p>Igualmente, os peri\u00f3dicos produzidos pelo Programa promovem impacto sociocultural e fornecem visibilidade \u00e0s atividades realizadas, o que se acresce pela atua\u00e7\u00e3o de docentes como membros de Conselhos Editoriais de diversas Revistas acad\u00eamicas, bem como membros de conselhos Cient\u00edficos de eventos relevantes na \u00e1rea de Hist\u00f3ria.<\/p><p>Como podemos observar, o momento singular de 2020 promoveu mudan\u00e7as significativas na elabora\u00e7\u00e3o de eventos cujo p\u00fablico se tornou mais amplo devido aos meios de veicula\u00e7\u00e3o. As atividades de extens\u00e3o universit\u00e1ria permitem a intera\u00e7\u00e3o entre a institui\u00e7\u00e3o de ensino superior e a comunidade na qual est\u00e1 inserida, constituindo um impacto sociocultural permanente, mediante a troca de saberes entre a universidade e a sociedade. Elas ultrapassam o \u00e2mbito espec\u00edfico do ambiente universit\u00e1rio pelo fato de democratizar o saber produzido na academia, isto \u00e9, atingem o p\u00fablico n\u00e3o universit\u00e1rio.<\/p><p>Some-se a isto o fato de que a internacionaliza\u00e7\u00e3o no ensino superior tornou-se um importante processo que incide na transforma\u00e7\u00e3o da educa\u00e7\u00e3o, pelo fato de formar profissionais com compet\u00eancias multiculturais e pensamento global. Assim, o programa incentiva tanto os docentes quanto os discentes a expandir os horizontes para al\u00e9m das fronteiras nacionais e interagir com os seus pares em \u00e2mbito internacional e com perspectiva intercultural. A internacionaliza\u00e7\u00e3o, em conformidade com a Miss\u00e3o deste Programa, refere-se ao cont\u00ednuo compromisso com o desenvolvimento ambiental, cient\u00edfico, cultural e socioecon\u00f4mico de cidad\u00e3os brasileiros e estrangeiros.<\/p>\t\t\t\t\t\t\t\t<\/div>\n\t\t\t\t<\/div>\n\t\t\t\t\t<\/div>\n\t\t<\/div>\n\t\t\t\t\t<\/div>\n\t\t<\/section>\n\t\t\t\t<\/div>","protected":false},"excerpt":{"rendered":"<p>Impacto Social Pintura: Eliseu Visconti A democratiza\u00e7\u00e3o do saber, a integra\u00e7\u00e3o da p\u00f3s-gradua\u00e7\u00e3o com a gradua\u00e7\u00e3o e a complementaridade na atua\u00e7\u00e3o de docentes e discentes s\u00e3o objetivos prec\u00edpuos do PPGH, que mobilizam significativamente os trabalhos de pesquisa, ensino e extens\u00e3o realizados no \u00e2mbito do programa. Neste sentido, o PPGH mobiliza atividades acad\u00eamicas como semin\u00e1rios, simp\u00f3sios, [&hellip;]<\/p>","protected":false},"author":1,"featured_media":0,"parent":0,"menu_order":0,"comment_status":"closed","ping_status":"closed","template":"","meta":{"site-sidebar-layout":"no-sidebar","site-content-layout":"page-builder","ast-site-content-layout":"","site-content-style":"default","site-sidebar-style":"default","ast-global-header-display":"","ast-banner-title-visibility":"","ast-main-header-display":"","ast-hfb-above-header-display":"","ast-hfb-below-header-display":"","ast-hfb-mobile-header-display":"","site-post-title":"disabled","ast-breadcrumbs-content":"","ast-featured-img":"disabled","footer-sml-layout":"","theme-transparent-header-meta":"","adv-header-id-meta":"","stick-header-meta":"","header-above-stick-meta":"","header-main-stick-meta":"","header-below-stick-meta":"","astra-migrate-meta-layouts":"default","ast-page-background-enabled":"default","ast-page-background-meta":{"desktop":{"background-color":"","background-image":"","background-repeat":"repeat","background-position":"center center","background-size":"auto","background-attachment":"scroll","background-type":"","background-media":"","overlay-type":"","overlay-color":"","overlay-gradient":""},"tablet":{"background-color":"","background-image":"","background-repeat":"repeat","background-position":"center center","background-size":"auto","background-attachment":"scroll","background-type":"","background-media":"","overlay-type":"","overlay-color":"","overlay-gradient":""},"mobile":{"background-color":"","background-image":"","background-repeat":"repeat","background-position":"center center","background-size":"auto","background-attachment":"scroll","background-type":"","background-media":"","overlay-type":"","overlay-color":"","overlay-gradient":""}},"ast-content-background-meta":{"desktop":{"background-color":"var(--ast-global-color-5)","background-image":"","background-repeat":"repeat","background-position":"center center","background-size":"auto","background-attachment":"scroll","background-type":"","background-media":"","overlay-type":"","overlay-color":"","overlay-gradient":""},"tablet":{"background-color":"var(--ast-global-color-5)","background-image":"","background-repeat":"repeat","background-position":"center center","background-size":"auto","background-attachment":"scroll","background-type":"","background-media":"","overlay-type":"","overlay-color":"","overlay-gradient":""},"mobile":{"background-color":"var(--ast-global-color-5)","background-image":"","background-repeat":"repeat","background-position":"center center","background-size":"auto","background-attachment":"scroll","background-type":"","background-media":"","overlay-type":"","overlay-color":"","overlay-gradient":""}},"footnotes":""},"class_list":["post-24597","page","type-page","status-publish","hentry"],"jetpack_sharing_enabled":true,"_links":{"self":[{"href":"https:\/\/ppghistoria.com.br\/en\/wp-json\/wp\/v2\/pages\/24597","targetHints":{"allow":["GET"]}}],"collection":[{"href":"https:\/\/ppghistoria.com.br\/en\/wp-json\/wp\/v2\/pages"}],"about":[{"href":"https:\/\/ppghistoria.com.br\/en\/wp-json\/wp\/v2\/types\/page"}],"author":[{"embeddable":true,"href":"https:\/\/ppghistoria.com.br\/en\/wp-json\/wp\/v2\/users\/1"}],"replies":[{"embeddable":true,"href":"https:\/\/ppghistoria.com.br\/en\/wp-json\/wp\/v2\/comments?post=24597"}],"version-history":[{"count":16,"href":"https:\/\/ppghistoria.com.br\/en\/wp-json\/wp\/v2\/pages\/24597\/revisions"}],"predecessor-version":[{"id":26077,"href":"https:\/\/ppghistoria.com.br\/en\/wp-json\/wp\/v2\/pages\/24597\/revisions\/26077"}],"wp:attachment":[{"href":"https:\/\/ppghistoria.com.br\/en\/wp-json\/wp\/v2\/media?parent=24597"}],"curies":[{"name":"wp","href":"https:\/\/api.w.org\/{rel}","templated":true}]}}