{"id":24598,"date":"2021-10-01T11:43:40","date_gmt":"2021-10-01T11:43:40","guid":{"rendered":"https:\/\/ppgtsthis.com.br\/?page_id=24598"},"modified":"2023-03-08T15:21:16","modified_gmt":"2023-03-08T18:21:16","slug":"egressos","status":"publish","type":"page","link":"https:\/\/ppghistoria.com.br\/en\/egressos\/","title":{"rendered":"Egressos"},"content":{"rendered":"<div data-elementor-type=\"wp-page\" data-elementor-id=\"24598\" class=\"elementor elementor-24598\">\n\t\t\t\t\t\t<section class=\"elementor-section elementor-top-section elementor-element elementor-element-4ea17de elementor-section-height-min-height elementor-section-boxed elementor-section-height-default elementor-section-items-middle\" data-id=\"4ea17de\" data-element_type=\"section\" data-settings=\"{&quot;background_background&quot;:&quot;classic&quot;}\">\n\t\t\t\t\t\t\t<div class=\"elementor-background-overlay\"><\/div>\n\t\t\t\t\t\t\t<div class=\"elementor-container elementor-column-gap-default\">\n\t\t\t\t\t<div class=\"elementor-column elementor-col-50 elementor-top-column elementor-element elementor-element-fb9f623\" data-id=\"fb9f623\" data-element_type=\"column\">\n\t\t\t<div class=\"elementor-widget-wrap elementor-element-populated\">\n\t\t\t\t\t\t<div class=\"elementor-element elementor-element-3f3460c elementor-widget elementor-widget-heading\" data-id=\"3f3460c\" data-element_type=\"widget\" data-widget_type=\"heading.default\">\n\t\t\t\t<div class=\"elementor-widget-container\">\n\t\t\t\t\t<h2 class=\"elementor-heading-title elementor-size-default\">Egressos<\/h2>\t\t\t\t<\/div>\n\t\t\t\t<\/div>\n\t\t\t\t\t<\/div>\n\t\t<\/div>\n\t\t\t\t<div class=\"elementor-column elementor-col-50 elementor-top-column elementor-element elementor-element-d3c8a11\" data-id=\"d3c8a11\" data-element_type=\"column\">\n\t\t\t<div class=\"elementor-widget-wrap\">\n\t\t\t\t\t\t\t<\/div>\n\t\t<\/div>\n\t\t\t\t\t<\/div>\n\t\t<\/section>\n\t\t\t\t<section class=\"elementor-section elementor-top-section elementor-element elementor-element-5d5a04a elementor-section-boxed elementor-section-height-default elementor-section-height-default\" data-id=\"5d5a04a\" data-element_type=\"section\">\n\t\t\t\t\t\t<div class=\"elementor-container elementor-column-gap-default\">\n\t\t\t\t\t<div class=\"elementor-column elementor-col-100 elementor-top-column elementor-element elementor-element-b71720c\" data-id=\"b71720c\" data-element_type=\"column\">\n\t\t\t<div class=\"elementor-widget-wrap elementor-element-populated\">\n\t\t\t\t\t\t<div class=\"elementor-element elementor-element-00918bb elementor-widget elementor-widget-text-editor\" data-id=\"00918bb\" data-element_type=\"widget\" data-widget_type=\"text-editor.default\">\n\t\t\t\t<div class=\"elementor-widget-container\">\n\t\t\t\t\t\t\t\t\t<p>Painting <strong>Vincent van Gogh<\/strong><\/p>\t\t\t\t\t\t\t\t<\/div>\n\t\t\t\t<\/div>\n\t\t\t\t\t<\/div>\n\t\t<\/div>\n\t\t\t\t\t<\/div>\n\t\t<\/section>\n\t\t\t\t<section class=\"elementor-section elementor-top-section elementor-element elementor-element-5af3fdd elementor-section-boxed elementor-section-height-default elementor-section-height-default\" data-id=\"5af3fdd\" data-element_type=\"section\">\n\t\t\t\t\t\t<div class=\"elementor-container elementor-column-gap-default\">\n\t\t\t\t\t<div class=\"elementor-column elementor-col-33 elementor-top-column elementor-element elementor-element-c71121c\" data-id=\"c71121c\" data-element_type=\"column\">\n\t\t\t<div class=\"elementor-widget-wrap\">\n\t\t\t\t\t\t\t<\/div>\n\t\t<\/div>\n\t\t\t\t<div class=\"elementor-column elementor-col-33 elementor-top-column elementor-element elementor-element-78a86ba\" data-id=\"78a86ba\" data-element_type=\"column\">\n\t\t\t<div class=\"elementor-widget-wrap elementor-element-populated\">\n\t\t\t\t\t\t<div class=\"elementor-element elementor-element-9c9f11b elementor-widget elementor-widget-text-editor\" data-id=\"9c9f11b\" data-element_type=\"widget\" data-widget_type=\"text-editor.default\">\n\t\t\t\t<div class=\"elementor-widget-container\">\n\t\t\t\t\t\t\t\t\t<div>Os discente egressos dos cursos de Mestrado e Doutorado do\u00a0<span class=\"marknligf6edn\" data-markjs=\"true\" data-ogac=\"\" data-ogab=\"\" data-ogsc=\"\" data-ogsb=\"\">PPGH<\/span>\u00a0apresentam variado perfil profissional. Em geral, sua trajet\u00f3ria acad\u00eamica \u00e9 louv\u00e1vel, seja como profissionais da rede b\u00e1sica de ensino, seja como professores universit\u00e1rios ou funcion\u00e1rios p\u00fablicos.<\/div><div>\u00a0<\/div><div>Em 2020, para a avalia\u00e7\u00e3o quadrienal da CAPES (2017-2020), uma Comiss\u00e3o de professores e alunos do <span class=\"marknligf6edn\" data-markjs=\"true\" data-ogac=\"\" data-ogab=\"\" data-ogsc=\"\" data-ogsb=\"\">PPGH\/UERJ<\/span>\u00a0realizou um relat\u00f3rio, que pode ser <a href=\"https:\/\/ppghistoria.com.br\/wp-content\/uploads\/2021\/10\/Relatorio-Comissao-de-Egressos-2020.pdf\" target=\"_blank\" rel=\"noopener\">acessado aqui.<\/a><\/div>\t\t\t\t\t\t\t\t<\/div>\n\t\t\t\t<\/div>\n\t\t\t\t<div class=\"elementor-element elementor-element-2295e69 elementor-widget elementor-widget-text-editor\" data-id=\"2295e69\" data-element_type=\"widget\" data-widget_type=\"text-editor.default\">\n\t\t\t\t<div class=\"elementor-widget-container\">\n\t\t\t\t\t\t\t\t\t<p><b>Mensagem aos Egressos:<\/b><\/p><p>Caro ex-aluno,<\/p><p>\u00c9 muito importante para uma Universidade conhecer as din\u00e2micas de estudos e trabalho de seus membros (docentes, discentes e t\u00e9cnico-administrativos), bem como dos alunos que outrora passaram por ela. A avalia\u00e7\u00e3o dos Programas de P\u00f3s-gradua\u00e7\u00e3o, realizada pela CAPES, depende tamb\u00e9m disso, ou seja, precisamos saber e informar publicamente as Defesas de Mestrado e Doutorado, as publica\u00e7\u00f5es de todos e as trajet\u00f3rias profissionais que cada qual seguiu ap\u00f3s o t\u00e9rmino de seu curso de p\u00f3s-gradua\u00e7\u00e3o. Por isso, solicitamos que voc\u00ea mantenha seus dados atualizados e preencha o formul\u00e1rio abaixo quando solicitado.<\/p><p>Agradecemos muito, desde j\u00e1!<\/p><p>Comiss\u00e3o de Egressos e Perman\u00eancia<b><br \/><\/b><\/p><p><a href=\"https:\/\/docs.google.com\/forms\/d\/e\/1FAIpQLScHtFUdGjthhuSC0H5L-b_YkUxIkGKTCoNF5zp2Pkwih6lGgw\/viewform?vc=0&amp;c=0&amp;w=1&amp;flr=0\"><b>Formul\u00e1rio Egressos<\/b><\/a><\/p>\t\t\t\t\t\t\t\t<\/div>\n\t\t\t\t<\/div>\n\t\t\t\t\t<\/div>\n\t\t<\/div>\n\t\t\t\t<div class=\"elementor-column elementor-col-33 elementor-top-column elementor-element elementor-element-836ab6f\" data-id=\"836ab6f\" data-element_type=\"column\">\n\t\t\t<div class=\"elementor-widget-wrap\">\n\t\t\t\t\t\t\t<\/div>\n\t\t<\/div>\n\t\t\t\t\t<\/div>\n\t\t<\/section>\n\t\t\t\t<\/div>","protected":false},"excerpt":{"rendered":"<p>Egressos Pintura: Vincent van Gogh Os discente egressos dos cursos de Mestrado e Doutorado do\u00a0PPGH\u00a0apresentam variado perfil profissional. Em geral, sua trajet\u00f3ria acad\u00eamica \u00e9 louv\u00e1vel, seja como profissionais da rede b\u00e1sica de ensino, seja como professores universit\u00e1rios ou funcion\u00e1rios p\u00fablicos.\u00a0Em 2020, para a avalia\u00e7\u00e3o quadrienal da CAPES (2017-2020), uma Comiss\u00e3o de professores e alunos do [&hellip;]<\/p>","protected":false},"author":1,"featured_media":0,"parent":0,"menu_order":0,"comment_status":"closed","ping_status":"closed","template":"","meta":{"site-sidebar-layout":"no-sidebar","site-content-layout":"page-builder","ast-site-content-layout":"","site-content-style":"default","site-sidebar-style":"default","ast-global-header-display":"","ast-banner-title-visibility":"","ast-main-header-display":"","ast-hfb-above-header-display":"","ast-hfb-below-header-display":"","ast-hfb-mobile-header-display":"","site-post-title":"disabled","ast-breadcrumbs-content":"","ast-featured-img":"disabled","footer-sml-layout":"","theme-transparent-header-meta":"","adv-header-id-meta":"","stick-header-meta":"","header-above-stick-meta":"","header-main-stick-meta":"","header-below-stick-meta":"","astra-migrate-meta-layouts":"default","ast-page-background-enabled":"default","ast-page-background-meta":{"desktop":{"background-color":"","background-image":"","background-repeat":"repeat","background-position":"center center","background-size":"auto","background-attachment":"scroll","background-type":"","background-media":"","overlay-type":"","overlay-color":"","overlay-gradient":""},"tablet":{"background-color":"","background-image":"","background-repeat":"repeat","background-position":"center center","background-size":"auto","background-attachment":"scroll","background-type":"","background-media":"","overlay-type":"","overlay-color":"","overlay-gradient":""},"mobile":{"background-color":"","background-image":"","background-repeat":"repeat","background-position":"center center","background-size":"auto","background-attachment":"scroll","background-type":"","background-media":"","overlay-type":"","overlay-color":"","overlay-gradient":""}},"ast-content-background-meta":{"desktop":{"background-color":"var(--ast-global-color-5)","background-image":"","background-repeat":"repeat","background-position":"center center","background-size":"auto","background-attachment":"scroll","background-type":"","background-media":"","overlay-type":"","overlay-color":"","overlay-gradient":""},"tablet":{"background-color":"var(--ast-global-color-5)","background-image":"","background-repeat":"repeat","background-position":"center center","background-size":"auto","background-attachment":"scroll","background-type":"","background-media":"","overlay-type":"","overlay-color":"","overlay-gradient":""},"mobile":{"background-color":"var(--ast-global-color-5)","background-image":"","background-repeat":"repeat","background-position":"center center","background-size":"auto","background-attachment":"scroll","background-type":"","background-media":"","overlay-type":"","overlay-color":"","overlay-gradient":""}},"footnotes":""},"class_list":["post-24598","page","type-page","status-publish","hentry"],"jetpack_sharing_enabled":true,"_links":{"self":[{"href":"https:\/\/ppghistoria.com.br\/en\/wp-json\/wp\/v2\/pages\/24598","targetHints":{"allow":["GET"]}}],"collection":[{"href":"https:\/\/ppghistoria.com.br\/en\/wp-json\/wp\/v2\/pages"}],"about":[{"href":"https:\/\/ppghistoria.com.br\/en\/wp-json\/wp\/v2\/types\/page"}],"author":[{"embeddable":true,"href":"https:\/\/ppghistoria.com.br\/en\/wp-json\/wp\/v2\/users\/1"}],"replies":[{"embeddable":true,"href":"https:\/\/ppghistoria.com.br\/en\/wp-json\/wp\/v2\/comments?post=24598"}],"version-history":[{"count":46,"href":"https:\/\/ppghistoria.com.br\/en\/wp-json\/wp\/v2\/pages\/24598\/revisions"}],"predecessor-version":[{"id":27910,"href":"https:\/\/ppghistoria.com.br\/en\/wp-json\/wp\/v2\/pages\/24598\/revisions\/27910"}],"wp:attachment":[{"href":"https:\/\/ppghistoria.com.br\/en\/wp-json\/wp\/v2\/media?parent=24598"}],"curies":[{"name":"wp","href":"https:\/\/api.w.org\/{rel}","templated":true}]}}