{"id":24602,"date":"2021-10-01T11:43:40","date_gmt":"2021-10-01T11:43:40","guid":{"rendered":"https:\/\/ppgtsthis.com.br\/?page_id=24602"},"modified":"2021-11-30T16:31:14","modified_gmt":"2021-11-30T19:31:14","slug":"teses-e-dissertacoes","status":"publish","type":"page","link":"https:\/\/ppghistoria.com.br\/en\/teses-e-dissertacoes\/","title":{"rendered":"Thesis and Dissertations"},"content":{"rendered":"<div data-elementor-type=\"wp-page\" data-elementor-id=\"24602\" class=\"elementor elementor-24602\">\n\t\t\t\t\t\t<section class=\"elementor-section elementor-top-section elementor-element elementor-element-d396f87 elementor-section-height-min-height elementor-section-boxed elementor-section-height-default elementor-section-items-middle\" data-id=\"d396f87\" data-element_type=\"section\" data-settings=\"{&quot;background_background&quot;:&quot;classic&quot;}\">\n\t\t\t\t\t\t\t<div class=\"elementor-background-overlay\"><\/div>\n\t\t\t\t\t\t\t<div class=\"elementor-container elementor-column-gap-default\">\n\t\t\t\t\t<div class=\"elementor-column elementor-col-33 elementor-top-column elementor-element elementor-element-d89584e\" data-id=\"d89584e\" data-element_type=\"column\">\n\t\t\t<div class=\"elementor-widget-wrap\">\n\t\t\t\t\t\t\t<\/div>\n\t\t<\/div>\n\t\t\t\t<div class=\"elementor-column elementor-col-33 elementor-top-column elementor-element elementor-element-df6677a\" data-id=\"df6677a\" data-element_type=\"column\">\n\t\t\t<div class=\"elementor-widget-wrap elementor-element-populated\">\n\t\t\t\t\t\t<div class=\"elementor-element elementor-element-0bfa121 elementor-widget elementor-widget-heading\" data-id=\"0bfa121\" data-element_type=\"widget\" data-widget_type=\"heading.default\">\n\t\t\t\t<div class=\"elementor-widget-container\">\n\t\t\t\t\t<h2 class=\"elementor-heading-title elementor-size-default\">Thesis and Dissertations<\/h2>\t\t\t\t<\/div>\n\t\t\t\t<\/div>\n\t\t\t\t\t<\/div>\n\t\t<\/div>\n\t\t\t\t<div class=\"elementor-column elementor-col-33 elementor-top-column elementor-element elementor-element-85cb9ea\" data-id=\"85cb9ea\" data-element_type=\"column\">\n\t\t\t<div class=\"elementor-widget-wrap\">\n\t\t\t\t\t\t\t<\/div>\n\t\t<\/div>\n\t\t\t\t\t<\/div>\n\t\t<\/section>\n\t\t\t\t<section class=\"elementor-section elementor-top-section elementor-element elementor-element-74a4078 elementor-section-boxed elementor-section-height-default elementor-section-height-default\" data-id=\"74a4078\" data-element_type=\"section\">\n\t\t\t\t\t\t<div class=\"elementor-container elementor-column-gap-default\">\n\t\t\t\t\t<div class=\"elementor-column elementor-col-100 elementor-top-column elementor-element elementor-element-ebd955a\" data-id=\"ebd955a\" data-element_type=\"column\">\n\t\t\t<div class=\"elementor-widget-wrap elementor-element-populated\">\n\t\t\t\t\t\t<div class=\"elementor-element elementor-element-41b334b elementor-widget elementor-widget-text-editor\" data-id=\"41b334b\" data-element_type=\"widget\" data-widget_type=\"text-editor.default\">\n\t\t\t\t<div class=\"elementor-widget-container\">\n\t\t\t\t\t\t\t\t\t<p>Painting<strong> Vincent\u00a0<em>van Gogh<\/em><\/strong><\/p>\t\t\t\t\t\t\t\t<\/div>\n\t\t\t\t<\/div>\n\t\t\t\t\t<\/div>\n\t\t<\/div>\n\t\t\t\t\t<\/div>\n\t\t<\/section>\n\t\t\t\t<section class=\"elementor-section elementor-top-section elementor-element elementor-element-43208b7 elementor-section-content-middle elementor-section-boxed elementor-section-height-default elementor-section-height-default\" data-id=\"43208b7\" data-element_type=\"section\">\n\t\t\t\t\t\t<div class=\"elementor-container elementor-column-gap-no\">\n\t\t\t\t\t<div class=\"elementor-column elementor-col-50 elementor-top-column elementor-element elementor-element-744a8321\" data-id=\"744a8321\" data-element_type=\"column\">\n\t\t\t<div class=\"elementor-widget-wrap elementor-element-populated\">\n\t\t\t\t\t\t<div class=\"elementor-element elementor-element-324f79f7 elementor-widget-divider--view-line elementor-widget elementor-widget-divider\" data-id=\"324f79f7\" data-element_type=\"widget\" data-widget_type=\"divider.default\">\n\t\t\t\t<div class=\"elementor-widget-container\">\n\t\t\t\t\t\t\t<div class=\"elementor-divider\">\n\t\t\t<span class=\"elementor-divider-separator\">\n\t\t\t\t\t\t<\/span>\n\t\t<\/div>\n\t\t\t\t\t\t<\/div>\n\t\t\t\t<\/div>\n\t\t\t\t\t<\/div>\n\t\t<\/div>\n\t\t\t\t<div class=\"elementor-column elementor-col-50 elementor-top-column elementor-element elementor-element-df0425\" data-id=\"df0425\" data-element_type=\"column\">\n\t\t\t<div class=\"elementor-widget-wrap elementor-element-populated\">\n\t\t\t\t\t\t<div class=\"elementor-element elementor-element-5632492f elementor-widget elementor-widget-text-editor\" data-id=\"5632492f\" data-element_type=\"widget\" data-widget_type=\"text-editor.default\">\n\t\t\t\t<div class=\"elementor-widget-container\">\n\t\t\t\t\t\t\t\t\t<p align=\"justify\">The University of the State of Rio de Janeiro (UERJ) is part of the <a href=\"https:\/\/www.bdtd.uerj.br:8443\/\" target=\"_blank\" rel=\"noopener\">Consortium of the National Digital Library of Thesis and Dissertations (BDTD)<\/a> coordinated by the Brazilian Institution of Information in Science and Technology (IBICT) which manages the database of electronic theses and dissertations produced in Brazilian Higher Education Institutions (IES) and promotes its integration with the international database\u00a0<em>Networked Digital Library of Theses and Dissertations<\/em>\u00a0(NDLTD).<\/p><p align=\"justify\"><a href=\"https:\/\/www.bdtd.uerj.br:8443\/\" target=\"_blank\" rel=\"noopener\">The Digital Library of Thesis and Dissertations (BDTD)<\/a> of the University of the State of Rio de Janeiro (UERJ) created by the Executive Order AE-16\/REITORIA\/2005 (22.08.2005), makes available, via the web, the unabridged theses and dissertations produced by the master\u2019s and doctorate students of UERJ\u2019s postgraduate programmes.<\/p><p align=\"justify\">For your thesis or dissertation to be uploaded to\u00a0<a href=\"http:\/\/www.bdtd.uerj.br\/roteiro_uerj_web.pdf\">Roteiro para apresenta\u00e7\u00e3o das teses e disserta\u00e7\u00f5es da Universidade do Estado do Rio de Janeiro<\/a>, and that you submit it, formally, following the sanctioned procedures of the Vice-chancellor\u2019s Postgraduate office.\u00a0<a href=\"http:\/\/www.bdtd.uerj.br\/instrucoes.php\">See here how to publish your thesis or dissertation in the BDTD\/UERJ.<\/a><\/p>\t\t\t\t\t\t\t\t<\/div>\n\t\t\t\t<\/div>\n\t\t\t\t\t<\/div>\n\t\t<\/div>\n\t\t\t\t\t<\/div>\n\t\t<\/section>\n\t\t\t\t<\/div>","protected":false},"excerpt":{"rendered":"<p>Teses e Disserta\u00e7\u00f5es Pintura: Vincent\u00a0van Gogh A Universidade do Estado do Rio de Janeiro (UERJ) integra o Cons\u00f3rcio da Biblioteca Digital de Teses e Disserta\u00e7\u00f5es (BDTD) nacional, coordenado pelo Instituto Brasileiro de Informa\u00e7\u00e3o em Ci\u00eancia e Tecnologia (IBICT) que gerencia a base de teses e disserta\u00e7\u00f5es eletr\u00f4nicas, produzidas nas Institui\u00e7\u00f5es de Ensino Superior (IES) brasileiras, [&hellip;]<\/p>","protected":false},"author":1,"featured_media":0,"parent":0,"menu_order":0,"comment_status":"closed","ping_status":"closed","template":"","meta":{"site-sidebar-layout":"no-sidebar","site-content-layout":"page-builder","ast-site-content-layout":"","site-content-style":"default","site-sidebar-style":"default","ast-global-header-display":"","ast-banner-title-visibility":"","ast-main-header-display":"","ast-hfb-above-header-display":"","ast-hfb-below-header-display":"","ast-hfb-mobile-header-display":"","site-post-title":"disabled","ast-breadcrumbs-content":"","ast-featured-img":"disabled","footer-sml-layout":"","theme-transparent-header-meta":"","adv-header-id-meta":"","stick-header-meta":"","header-above-stick-meta":"","header-main-stick-meta":"","header-below-stick-meta":"","astra-migrate-meta-layouts":"default","ast-page-background-enabled":"default","ast-page-background-meta":{"desktop":{"background-color":"","background-image":"","background-repeat":"repeat","background-position":"center center","background-size":"auto","background-attachment":"scroll","background-type":"","background-media":"","overlay-type":"","overlay-color":"","overlay-gradient":""},"tablet":{"background-color":"","background-image":"","background-repeat":"repeat","background-position":"center center","background-size":"auto","background-attachment":"scroll","background-type":"","background-media":"","overlay-type":"","overlay-color":"","overlay-gradient":""},"mobile":{"background-color":"","background-image":"","background-repeat":"repeat","background-position":"center center","background-size":"auto","background-attachment":"scroll","background-type":"","background-media":"","overlay-type":"","overlay-color":"","overlay-gradient":""}},"ast-content-background-meta":{"desktop":{"background-color":"var(--ast-global-color-5)","background-image":"","background-repeat":"repeat","background-position":"center center","background-size":"auto","background-attachment":"scroll","background-type":"","background-media":"","overlay-type":"","overlay-color":"","overlay-gradient":""},"tablet":{"background-color":"var(--ast-global-color-5)","background-image":"","background-repeat":"repeat","background-position":"center center","background-size":"auto","background-attachment":"scroll","background-type":"","background-media":"","overlay-type":"","overlay-color":"","overlay-gradient":""},"mobile":{"background-color":"var(--ast-global-color-5)","background-image":"","background-repeat":"repeat","background-position":"center center","background-size":"auto","background-attachment":"scroll","background-type":"","background-media":"","overlay-type":"","overlay-color":"","overlay-gradient":""}},"footnotes":""},"class_list":["post-24602","page","type-page","status-publish","hentry"],"jetpack_sharing_enabled":true,"_links":{"self":[{"href":"https:\/\/ppghistoria.com.br\/en\/wp-json\/wp\/v2\/pages\/24602","targetHints":{"allow":["GET"]}}],"collection":[{"href":"https:\/\/ppghistoria.com.br\/en\/wp-json\/wp\/v2\/pages"}],"about":[{"href":"https:\/\/ppghistoria.com.br\/en\/wp-json\/wp\/v2\/types\/page"}],"author":[{"embeddable":true,"href":"https:\/\/ppghistoria.com.br\/en\/wp-json\/wp\/v2\/users\/1"}],"replies":[{"embeddable":true,"href":"https:\/\/ppghistoria.com.br\/en\/wp-json\/wp\/v2\/comments?post=24602"}],"version-history":[{"count":22,"href":"https:\/\/ppghistoria.com.br\/en\/wp-json\/wp\/v2\/pages\/24602\/revisions"}],"predecessor-version":[{"id":26080,"href":"https:\/\/ppghistoria.com.br\/en\/wp-json\/wp\/v2\/pages\/24602\/revisions\/26080"}],"wp:attachment":[{"href":"https:\/\/ppghistoria.com.br\/en\/wp-json\/wp\/v2\/media?parent=24602"}],"curies":[{"name":"wp","href":"https:\/\/api.w.org\/{rel}","templated":true}]}}