{"id":24603,"date":"2021-10-01T11:43:41","date_gmt":"2021-10-01T11:43:41","guid":{"rendered":"https:\/\/ppgtsthis.com.br\/?page_id=24603"},"modified":"2023-11-01T10:11:46","modified_gmt":"2023-11-01T13:11:46","slug":"revistas","status":"publish","type":"page","link":"https:\/\/ppghistoria.com.br\/en\/revistas\/","title":{"rendered":"Inaugural Lessons"},"content":{"rendered":"<div data-elementor-type=\"wp-page\" data-elementor-id=\"24603\" class=\"elementor elementor-24603\">\n\t\t\t\t\t\t<section class=\"elementor-section elementor-top-section elementor-element elementor-element-58df3d1 elementor-section-height-min-height elementor-section-boxed elementor-section-height-default elementor-section-items-middle\" data-id=\"58df3d1\" data-element_type=\"section\" data-settings=\"{&quot;background_background&quot;:&quot;classic&quot;}\">\n\t\t\t\t\t\t\t<div class=\"elementor-background-overlay\"><\/div>\n\t\t\t\t\t\t\t<div class=\"elementor-container elementor-column-gap-default\">\n\t\t\t\t\t<div class=\"elementor-column elementor-col-33 elementor-top-column elementor-element elementor-element-7e84ae1\" data-id=\"7e84ae1\" data-element_type=\"column\">\n\t\t\t<div class=\"elementor-widget-wrap\">\n\t\t\t\t\t\t\t<\/div>\n\t\t<\/div>\n\t\t\t\t<div class=\"elementor-column elementor-col-33 elementor-top-column elementor-element elementor-element-634c028\" data-id=\"634c028\" data-element_type=\"column\">\n\t\t\t<div class=\"elementor-widget-wrap elementor-element-populated\">\n\t\t\t\t\t\t<div class=\"elementor-element elementor-element-947b431 elementor-widget elementor-widget-heading\" data-id=\"947b431\" data-element_type=\"widget\" data-widget_type=\"heading.default\">\n\t\t\t\t<div class=\"elementor-widget-container\">\n\t\t\t\t\t<h2 class=\"elementor-heading-title elementor-size-default\">Revistas e Peri\u00f3dicos<\/h2>\t\t\t\t<\/div>\n\t\t\t\t<\/div>\n\t\t\t\t\t<\/div>\n\t\t<\/div>\n\t\t\t\t<div class=\"elementor-column elementor-col-33 elementor-top-column elementor-element elementor-element-cce0f87\" data-id=\"cce0f87\" data-element_type=\"column\">\n\t\t\t<div class=\"elementor-widget-wrap\">\n\t\t\t\t\t\t\t<\/div>\n\t\t<\/div>\n\t\t\t\t\t<\/div>\n\t\t<\/section>\n\t\t\t\t<section class=\"elementor-section elementor-top-section elementor-element elementor-element-04fe0ad elementor-section-boxed elementor-section-height-default elementor-section-height-default\" data-id=\"04fe0ad\" data-element_type=\"section\">\n\t\t\t\t\t\t<div class=\"elementor-container elementor-column-gap-default\">\n\t\t\t\t\t<div class=\"elementor-column elementor-col-100 elementor-top-column elementor-element elementor-element-c1b459d\" data-id=\"c1b459d\" data-element_type=\"column\">\n\t\t\t<div class=\"elementor-widget-wrap\">\n\t\t\t\t\t\t\t<\/div>\n\t\t<\/div>\n\t\t\t\t\t<\/div>\n\t\t<\/section>\n\t\t\t\t<section class=\"elementor-section elementor-top-section elementor-element elementor-element-14e83029 elementor-section-content-middle elementor-section-boxed elementor-section-height-default elementor-section-height-default\" data-id=\"14e83029\" data-element_type=\"section\">\n\t\t\t\t\t\t<div class=\"elementor-container elementor-column-gap-no\">\n\t\t\t\t\t<div class=\"elementor-column elementor-col-50 elementor-top-column elementor-element elementor-element-2ecc7820\" data-id=\"2ecc7820\" data-element_type=\"column\">\n\t\t\t<div class=\"elementor-widget-wrap elementor-element-populated\">\n\t\t\t\t\t\t<div class=\"elementor-element elementor-element-b3c126f elementor-widget elementor-widget-image\" data-id=\"b3c126f\" data-element_type=\"widget\" data-widget_type=\"image.default\">\n\t\t\t\t<div class=\"elementor-widget-container\">\n\t\t\t\t\t\t\t\t\t\t\t\t\t\t\t\t<a href=\"https:\/\/www.e-publicacoes.uerj.br\/maracanan\">\n\t\t\t\t\t\t\t<img fetchpriority=\"high\" decoding=\"async\" width=\"675\" height=\"269\" src=\"https:\/\/ppghistoria.com.br\/wp-content\/uploads\/2023\/11\/Maracanan-e1698843769914.png\" class=\"attachment-full size-full wp-image-28612\" alt=\"\" srcset=\"https:\/\/ppghistoria.com.br\/wp-content\/uploads\/2023\/11\/Maracanan-e1698843769914.png 675w, https:\/\/ppghistoria.com.br\/wp-content\/uploads\/2023\/11\/Maracanan-e1698843769914-300x120.png 300w, https:\/\/ppghistoria.com.br\/wp-content\/uploads\/2023\/11\/Maracanan-e1698843769914-18x7.png 18w\" sizes=\"(max-width: 675px) 100vw, 675px\" \/>\t\t\t\t\t\t\t\t<\/a>\n\t\t\t\t\t\t\t\t\t\t\t\t\t\t\t<\/div>\n\t\t\t\t<\/div>\n\t\t\t\t\t<\/div>\n\t\t<\/div>\n\t\t\t\t<div class=\"elementor-column elementor-col-50 elementor-top-column elementor-element elementor-element-1bca4774\" data-id=\"1bca4774\" data-element_type=\"column\">\n\t\t\t<div class=\"elementor-widget-wrap elementor-element-populated\">\n\t\t\t\t\t\t<div class=\"elementor-element elementor-element-7c47e022 elementor-widget elementor-widget-heading\" data-id=\"7c47e022\" data-element_type=\"widget\" data-widget_type=\"heading.default\">\n\t\t\t\t<div class=\"elementor-widget-container\">\n\t\t\t\t\t<h4 class=\"elementor-heading-title elementor-size-default\"><a href=\"https:\/\/www.e-publicacoes.uerj.br\/index.php\/maracanan\" target=\"_blank\">Revista Maracanan<\/a><\/h4>\t\t\t\t<\/div>\n\t\t\t\t<\/div>\n\t\t\t\t<div class=\"elementor-element elementor-element-76b03beb elementor-widget elementor-widget-text-editor\" data-id=\"76b03beb\" data-element_type=\"widget\" data-widget_type=\"text-editor.default\">\n\t\t\t\t<div class=\"elementor-widget-container\">\n\t\t\t\t\t\t\t\t\t<p>A<strong>\u00a0Revista Maracanan<\/strong>\u00a0\u00e9 a publica\u00e7\u00e3o cient\u00edfica editada pelo corpo docente do Programa de P\u00f3s-gradua\u00e7\u00e3o em Hist\u00f3ria da Universidade do Estado do Rio de Janeiro. Seu primeiro n\u00famero foi impresso em 1999; a partir de 2014, passou para o formato eletr\u00f4nico; e, a partir de 2019, ganhou publica\u00e7\u00e3o quadrimestral, com edi\u00e7\u00f5es em janeiro, maio e setembro. S\u00e3o bem-vindos trabalhos originais desenvolvidos por pesquisadores-doutores vinculados a institui\u00e7\u00f5es do Brasil e do exterior. Artigos, tradu\u00e7\u00f5es, resenhas, entrevistas e notas de pesquisas, recebidos em fluxo cont\u00ednuo, comp\u00f5em cada n\u00famero em conjunto com um dossi\u00ea.<\/p><p><strong>e-ISSN<\/strong>:\u00a02359-0092\u00a0|\u00a0<strong>ISSN<\/strong>: 1807-989X |\u00a0<strong>Ano de cria\u00e7\u00e3o<\/strong>: 1999 &#8211; impresso, 2014 &#8211; eletr\u00f4nico |\u00a0<strong>\u00c1rea do conhecimento<\/strong>:\u00a0Hist\u00f3ria |\u00a0<strong>Qualis<\/strong>: A2<\/p>\t\t\t\t\t\t\t\t<\/div>\n\t\t\t\t<\/div>\n\t\t\t\t<div class=\"elementor-element elementor-element-e8081c1 elementor-widget elementor-widget-text-editor\" data-id=\"e8081c1\" data-element_type=\"widget\" data-widget_type=\"text-editor.default\">\n\t\t\t\t<div class=\"elementor-widget-container\">\n\t\t\t\t\t\t\t\t\t<p><a href=\"https:\/\/www.e-publicacoes.uerj.br\/index.php\/maracanan\" target=\"_blank\" rel=\"noopener\"><strong>Clique aqui para acessar o site.<\/strong><\/a><\/p>\t\t\t\t\t\t\t\t<\/div>\n\t\t\t\t<\/div>\n\t\t\t\t\t<\/div>\n\t\t<\/div>\n\t\t\t\t\t<\/div>\n\t\t<\/section>\n\t\t\t\t<section class=\"elementor-section elementor-top-section elementor-element elementor-element-7ed4ec5 elementor-section-content-middle elementor-section-boxed elementor-section-height-default elementor-section-height-default\" data-id=\"7ed4ec5\" data-element_type=\"section\">\n\t\t\t\t\t\t<div class=\"elementor-container elementor-column-gap-no\">\n\t\t\t\t\t<div class=\"elementor-column elementor-col-50 elementor-top-column elementor-element elementor-element-959a401\" data-id=\"959a401\" data-element_type=\"column\">\n\t\t\t<div class=\"elementor-widget-wrap elementor-element-populated\">\n\t\t\t\t\t\t<div class=\"elementor-element elementor-element-9dcb52e elementor-widget elementor-widget-image\" data-id=\"9dcb52e\" data-element_type=\"widget\" data-widget_type=\"image.default\">\n\t\t\t\t<div class=\"elementor-widget-container\">\n\t\t\t\t\t\t\t\t\t\t\t\t\t\t\t\t<a href=\"https:\/\/www.e-publicacoes.uerj.br\/dia-logos\" target=\"_blank\">\n\t\t\t\t\t\t\t<img decoding=\"async\" width=\"246\" height=\"125\" src=\"https:\/\/ppghistoria.com.br\/wp-content\/uploads\/2023\/11\/Dia-Logos.png\" class=\"attachment-large size-large wp-image-28622\" alt=\"\" srcset=\"https:\/\/ppghistoria.com.br\/wp-content\/uploads\/2023\/11\/Dia-Logos.png 246w, https:\/\/ppghistoria.com.br\/wp-content\/uploads\/2023\/11\/Dia-Logos-18x9.png 18w\" sizes=\"(max-width: 246px) 100vw, 246px\" \/>\t\t\t\t\t\t\t\t<\/a>\n\t\t\t\t\t\t\t\t\t\t\t\t\t\t\t<\/div>\n\t\t\t\t<\/div>\n\t\t\t\t\t<\/div>\n\t\t<\/div>\n\t\t\t\t<div class=\"elementor-column elementor-col-50 elementor-top-column elementor-element elementor-element-4ad6388\" data-id=\"4ad6388\" data-element_type=\"column\">\n\t\t\t<div class=\"elementor-widget-wrap elementor-element-populated\">\n\t\t\t\t\t\t<div class=\"elementor-element elementor-element-8c719eb elementor-widget elementor-widget-heading\" data-id=\"8c719eb\" data-element_type=\"widget\" data-widget_type=\"heading.default\">\n\t\t\t\t<div class=\"elementor-widget-container\">\n\t\t\t\t\t<h4 class=\"elementor-heading-title elementor-size-default\"><a href=\"https:\/\/www.e-publicacoes.uerj.br\/index.php\/dia-logos\" target=\"_blank\">Revista Dia-Logos<\/a><\/h4>\t\t\t\t<\/div>\n\t\t\t\t<\/div>\n\t\t\t\t<div class=\"elementor-element elementor-element-7236176 elementor-widget elementor-widget-text-editor\" data-id=\"7236176\" data-element_type=\"widget\" data-widget_type=\"text-editor.default\">\n\t\t\t\t<div class=\"elementor-widget-container\">\n\t\t\t\t\t\t\t\t\t<p>A <strong>Revista Di\u00e1-logos<\/strong> \u00e9 uma produ\u00e7\u00e3o dos alunos do PPGH\/UERJ mas a revista publica artigos de alunos de p\u00f3s-gradua\u00e7\u00e3o de diversas institui\u00e7\u00f5es do pa\u00eds. Os artigos, apresentados durante a realiza\u00e7\u00e3o da Semana de Hist\u00f3ria Pol\u00edtica, refletem a preocupa\u00e7\u00e3o dos autores com produ\u00e7\u00e3o historiogr\u00e1fica do Programa, atendendo \u00e0s Linhas de Pesquisa e \u00e0s exig\u00eancias da CAPES. Em sua maioria, os textos resultam das leituras realizadas para suas teses e disserta\u00e7\u00f5es, exprimem a qualidade das pesquisas e dos projetos e apontam a brilhantismo dos novos mestre e doutores da UERJ. Enfatizam ainda, o car\u00e1ter multicultural dos estudos desenvolvidos.<\/p>\t\t\t\t\t\t\t\t<\/div>\n\t\t\t\t<\/div>\n\t\t\t\t<div class=\"elementor-element elementor-element-efbfb6d elementor-widget elementor-widget-text-editor\" data-id=\"efbfb6d\" data-element_type=\"widget\" data-widget_type=\"text-editor.default\">\n\t\t\t\t<div class=\"elementor-widget-container\">\n\t\t\t\t\t\t\t\t\t<p><a href=\"https:\/\/www.e-publicacoes.uerj.br\/index.php\/dia-logos\" target=\"_blank\" rel=\"noopener\" data-wplink-edit=\"true\"><strong>Clique aqui para acessar o site.<\/strong><\/a><\/p>\t\t\t\t\t\t\t\t<\/div>\n\t\t\t\t<\/div>\n\t\t\t\t\t<\/div>\n\t\t<\/div>\n\t\t\t\t\t<\/div>\n\t\t<\/section>\n\t\t\t\t<section class=\"elementor-section elementor-top-section elementor-element elementor-element-d114db1 elementor-section-content-middle elementor-section-boxed elementor-section-height-default elementor-section-height-default\" data-id=\"d114db1\" data-element_type=\"section\">\n\t\t\t\t\t\t<div class=\"elementor-container elementor-column-gap-no\">\n\t\t\t\t\t<div class=\"elementor-column elementor-col-50 elementor-top-column elementor-element elementor-element-93215bc\" data-id=\"93215bc\" data-element_type=\"column\">\n\t\t\t<div class=\"elementor-widget-wrap elementor-element-populated\">\n\t\t\t\t\t\t<div class=\"elementor-element elementor-element-e16d928 elementor-widget elementor-widget-image\" data-id=\"e16d928\" data-element_type=\"widget\" data-widget_type=\"image.default\">\n\t\t\t\t<div class=\"elementor-widget-container\">\n\t\t\t\t\t\t\t\t\t\t\t\t\t\t\t<img decoding=\"async\" width=\"562\" height=\"357\" src=\"https:\/\/ppghistoria.com.br\/wp-content\/uploads\/2023\/11\/Intellectus-1.jpg\" class=\"attachment-medium_large size-medium_large wp-image-28608\" alt=\"\" srcset=\"https:\/\/ppghistoria.com.br\/wp-content\/uploads\/2023\/11\/Intellectus-1.jpg 562w, https:\/\/ppghistoria.com.br\/wp-content\/uploads\/2023\/11\/Intellectus-1-300x191.jpg 300w, https:\/\/ppghistoria.com.br\/wp-content\/uploads\/2023\/11\/Intellectus-1-18x12.jpg 18w\" sizes=\"(max-width: 562px) 100vw, 562px\" \/>\t\t\t\t\t\t\t\t\t\t\t\t\t\t\t<\/div>\n\t\t\t\t<\/div>\n\t\t\t\t\t<\/div>\n\t\t<\/div>\n\t\t\t\t<div class=\"elementor-column elementor-col-50 elementor-top-column elementor-element elementor-element-95b4004\" data-id=\"95b4004\" data-element_type=\"column\">\n\t\t\t<div class=\"elementor-widget-wrap elementor-element-populated\">\n\t\t\t\t\t\t<div class=\"elementor-element elementor-element-6798880 elementor-widget elementor-widget-heading\" data-id=\"6798880\" data-element_type=\"widget\" data-widget_type=\"heading.default\">\n\t\t\t\t<div class=\"elementor-widget-container\">\n\t\t\t\t\t<h4 class=\"elementor-heading-title elementor-size-default\"><a href=\"http:\/\/www.revistaintellectus.com.br\/Inicio.aspx\" target=\"_blank\">Intell\u00e8ctus<\/a><\/h4>\t\t\t\t<\/div>\n\t\t\t\t<\/div>\n\t\t\t\t<div class=\"elementor-element elementor-element-bbba569 elementor-widget elementor-widget-text-editor\" data-id=\"bbba569\" data-element_type=\"widget\" data-widget_type=\"text-editor.default\">\n\t\t\t\t<div class=\"elementor-widget-container\">\n\t\t\t\t\t\t\t\t\t<p>A <strong>Intell\u00e8ctus<\/strong> destina-se \u00e0 publica\u00e7\u00e3o de pesquisas originais, estudos de historiografia e reflex\u00f5es te\u00f3rico-metodol\u00f3gicas relativas \u00e0 Hist\u00f3ria dos Intelectuais e \u00e0 Hist\u00f3ria Intelectual, bem como \u00e0 divulga\u00e7\u00e3o de an\u00e1lises acerca da produ\u00e7\u00e3o cultural dos pa\u00edses que comp\u00f5em o universo da \u201cLatinidade\u201d.<\/p><p><strong>e-ISSN<\/strong>: 1676-7640 |\u00a0<strong>Ano de cria\u00e7\u00e3o<\/strong>: 2002 |\u00a0<strong>\u00c1rea do conhecimento<\/strong>: Hist\u00f3ria |\u00a0<strong>Qualis<\/strong>:\u00a0<strong>B1\u00a0<\/strong>\u00a0Per\u00edodo: 2017-2020<\/p>\t\t\t\t\t\t\t\t<\/div>\n\t\t\t\t<\/div>\n\t\t\t\t<div class=\"elementor-element elementor-element-5ab5250 elementor-widget elementor-widget-text-editor\" data-id=\"5ab5250\" data-element_type=\"widget\" data-widget_type=\"text-editor.default\">\n\t\t\t\t<div class=\"elementor-widget-container\">\n\t\t\t\t\t\t\t\t\t<p><a href=\"https:\/\/www.e-publicacoes.uerj.br\/index.php\/intellectus\" target=\"_blank\" rel=\"noopener\"><strong>Clique aqui para acessar o site.<\/strong><\/a><\/p>\t\t\t\t\t\t\t\t<\/div>\n\t\t\t\t<\/div>\n\t\t\t\t\t<\/div>\n\t\t<\/div>\n\t\t\t\t\t<\/div>\n\t\t<\/section>\n\t\t\t\t<section class=\"elementor-section elementor-top-section elementor-element elementor-element-845f8bc elementor-section-content-middle elementor-section-boxed elementor-section-height-default elementor-section-height-default\" data-id=\"845f8bc\" data-element_type=\"section\">\n\t\t\t\t\t\t<div class=\"elementor-container elementor-column-gap-no\">\n\t\t\t\t\t<div class=\"elementor-column elementor-col-50 elementor-top-column elementor-element elementor-element-d70c67a\" data-id=\"d70c67a\" data-element_type=\"column\">\n\t\t\t<div class=\"elementor-widget-wrap elementor-element-populated\">\n\t\t\t\t\t\t<div class=\"elementor-element elementor-element-0cc9d2b elementor-widget elementor-widget-image\" data-id=\"0cc9d2b\" data-element_type=\"widget\" data-widget_type=\"image.default\">\n\t\t\t\t<div class=\"elementor-widget-container\">\n\t\t\t\t\t\t\t\t\t\t\t\t\t\t\t\t<a href=\"https:\/\/www.e-publicacoes.uerj.br\/index.php\/nearco\/index\" target=\"_blank\">\n\t\t\t\t\t\t\t<img loading=\"lazy\" decoding=\"async\" width=\"300\" height=\"124\" src=\"https:\/\/ppghistoria.com.br\/wp-content\/uploads\/2021\/10\/nearco-300x124.jpg\" class=\"attachment-medium size-medium wp-image-24955\" alt=\"\" srcset=\"https:\/\/ppghistoria.com.br\/wp-content\/uploads\/2021\/10\/nearco-300x124.jpg 300w, https:\/\/ppghistoria.com.br\/wp-content\/uploads\/2021\/10\/nearco-768x318.jpg 768w, https:\/\/ppghistoria.com.br\/wp-content\/uploads\/2021\/10\/nearco-600x249.jpg 600w, https:\/\/ppghistoria.com.br\/wp-content\/uploads\/2021\/10\/nearco.jpg 801w\" sizes=\"(max-width: 300px) 100vw, 300px\" \/>\t\t\t\t\t\t\t\t<\/a>\n\t\t\t\t\t\t\t\t\t\t\t\t\t\t\t<\/div>\n\t\t\t\t<\/div>\n\t\t\t\t\t<\/div>\n\t\t<\/div>\n\t\t\t\t<div class=\"elementor-column elementor-col-50 elementor-top-column elementor-element elementor-element-fd87144\" data-id=\"fd87144\" data-element_type=\"column\">\n\t\t\t<div class=\"elementor-widget-wrap elementor-element-populated\">\n\t\t\t\t\t\t<div class=\"elementor-element elementor-element-0d839df elementor-widget elementor-widget-heading\" data-id=\"0d839df\" data-element_type=\"widget\" data-widget_type=\"heading.default\">\n\t\t\t\t<div class=\"elementor-widget-container\">\n\t\t\t\t\t<h4 class=\"elementor-heading-title elementor-size-default\"><a href=\"https:\/\/www.e-publicacoes.uerj.br\/index.php\/nearco\/index\" target=\"_blank\">Revista Nearco<\/a><\/h4>\t\t\t\t<\/div>\n\t\t\t\t<\/div>\n\t\t\t\t<div class=\"elementor-element elementor-element-e018802 elementor-widget elementor-widget-text-editor\" data-id=\"e018802\" data-element_type=\"widget\" data-widget_type=\"text-editor.default\">\n\t\t\t\t<div class=\"elementor-widget-container\">\n\t\t\t\t\t\t\t\t\t<p><strong>NEARCO \u2013 Revista Eletr\u00f4nica de Antiguidade e Medievo<\/strong>\u00a0publica artigos, resenhas, entrevistas, dossi\u00eas, textos, documentos hist\u00f3ricos e an\u00e1lises historiogr\u00e1ficas de interesse para os campos da\u00a0<strong>Hist\u00f3ria Antiga e Medieval<\/strong>\u00a0(oriental e ocidental), centrados nas sociedades grega, romana, judaica, africana, outras comunidades culturais mediterr\u00e2neas. Tem por miss\u00f5es democratizar o saber acad\u00eamico, socializar os resultados de pesquisas, trazer para o primeiro plano o conhecimento em Hist\u00f3ria Antiga e Medieval, promover o interc\u00e2mbio de ideias e resultados de pesquisas com pesquisadores estrangeiros.<br \/>A\u00a0<strong>miss\u00e3o acad\u00eamica da revista<\/strong>\u00a0conduz ao di\u00e1logo interdisciplinar com produtores do saber nas \u00e1reas de Hist\u00f3ria, Filosofia, Arqueologia, Antropologia, Geografia, Sociologia, Lingu\u00edstica, Letras e Ci\u00eancia Pol\u00edtica. A revista pertence ao NEA &#8211; N\u00facleo de Estudos da Antiguidade e integra o PPGH &#8211; Programa de P\u00f3s-Gradua\u00e7\u00e3o de Hist\u00f3ria da UERJ &#8211; Universidade do Estado do Rio de Janeiro.<br \/>A revista foi fundada em 2008 e \u00e9 hoje um peri\u00f3dico de refer\u00eancia para os especialistas das \u00e1reas de Hist\u00f3ria Antiga e Medieval no mundo de l\u00edngua portuguesa e espanhola. Temos periodicidade semestral e recebemos em fluxo cont\u00ednuo. Os interessados em enviar contribui\u00e7\u00f5es devem verificar as normas editoriais e as palavras-chave dispon\u00edveis.<\/p>\t\t\t\t\t\t\t\t<\/div>\n\t\t\t\t<\/div>\n\t\t\t\t<div class=\"elementor-element elementor-element-e2ffe73 elementor-widget elementor-widget-text-editor\" data-id=\"e2ffe73\" data-element_type=\"widget\" data-widget_type=\"text-editor.default\">\n\t\t\t\t<div class=\"elementor-widget-container\">\n\t\t\t\t\t\t\t\t\t<p><a href=\"https:\/\/www.e-publicacoes.uerj.br\/index.php\/nearco\/index\" target=\"_blank\" rel=\"noopener\"><strong>Clique aqui para acessar o site.<\/strong><\/a><\/p>\t\t\t\t\t\t\t\t<\/div>\n\t\t\t\t<\/div>\n\t\t\t\t\t<\/div>\n\t\t<\/div>\n\t\t\t\t\t<\/div>\n\t\t<\/section>\n\t\t\t\t<\/div>","protected":false},"excerpt":{"rendered":"<p>Revistas e Peri\u00f3dicos Revista Maracanan A\u00a0Revista Maracanan\u00a0\u00e9 a publica\u00e7\u00e3o cient\u00edfica editada pelo corpo docente do Programa de P\u00f3s-gradua\u00e7\u00e3o em Hist\u00f3ria da Universidade do Estado do Rio de Janeiro. Seu primeiro n\u00famero foi impresso em 1999; a partir de 2014, passou para o formato eletr\u00f4nico; e, a partir de 2019, ganhou publica\u00e7\u00e3o quadrimestral, com edi\u00e7\u00f5es em [&hellip;]<\/p>","protected":false},"author":1,"featured_media":0,"parent":0,"menu_order":0,"comment_status":"closed","ping_status":"closed","template":"","meta":{"site-sidebar-layout":"no-sidebar","site-content-layout":"page-builder","ast-site-content-layout":"","site-content-style":"default","site-sidebar-style":"default","ast-global-header-display":"","ast-banner-title-visibility":"","ast-main-header-display":"","ast-hfb-above-header-display":"","ast-hfb-below-header-display":"","ast-hfb-mobile-header-display":"","site-post-title":"disabled","ast-breadcrumbs-content":"","ast-featured-img":"disabled","footer-sml-layout":"","theme-transparent-header-meta":"","adv-header-id-meta":"","stick-header-meta":"","header-above-stick-meta":"","header-main-stick-meta":"","header-below-stick-meta":"","astra-migrate-meta-layouts":"default","ast-page-background-enabled":"default","ast-page-background-meta":{"desktop":{"background-color":"","background-image":"","background-repeat":"repeat","background-position":"center center","background-size":"auto","background-attachment":"scroll","background-type":"","background-media":"","overlay-type":"","overlay-color":"","overlay-gradient":""},"tablet":{"background-color":"","background-image":"","background-repeat":"repeat","background-position":"center center","background-size":"auto","background-attachment":"scroll","background-type":"","background-media":"","overlay-type":"","overlay-color":"","overlay-gradient":""},"mobile":{"background-color":"","background-image":"","background-repeat":"repeat","background-position":"center center","background-size":"auto","background-attachment":"scroll","background-type":"","background-media":"","overlay-type":"","overlay-color":"","overlay-gradient":""}},"ast-content-background-meta":{"desktop":{"background-color":"var(--ast-global-color-5)","background-image":"","background-repeat":"repeat","background-position":"center center","background-size":"auto","background-attachment":"scroll","background-type":"","background-media":"","overlay-type":"","overlay-color":"","overlay-gradient":""},"tablet":{"background-color":"var(--ast-global-color-5)","background-image":"","background-repeat":"repeat","background-position":"center center","background-size":"auto","background-attachment":"scroll","background-type":"","background-media":"","overlay-type":"","overlay-color":"","overlay-gradient":""},"mobile":{"background-color":"var(--ast-global-color-5)","background-image":"","background-repeat":"repeat","background-position":"center center","background-size":"auto","background-attachment":"scroll","background-type":"","background-media":"","overlay-type":"","overlay-color":"","overlay-gradient":""}},"footnotes":""},"class_list":["post-24603","page","type-page","status-publish","hentry"],"jetpack_sharing_enabled":true,"_links":{"self":[{"href":"https:\/\/ppghistoria.com.br\/en\/wp-json\/wp\/v2\/pages\/24603","targetHints":{"allow":["GET"]}}],"collection":[{"href":"https:\/\/ppghistoria.com.br\/en\/wp-json\/wp\/v2\/pages"}],"about":[{"href":"https:\/\/ppghistoria.com.br\/en\/wp-json\/wp\/v2\/types\/page"}],"author":[{"embeddable":true,"href":"https:\/\/ppghistoria.com.br\/en\/wp-json\/wp\/v2\/users\/1"}],"replies":[{"embeddable":true,"href":"https:\/\/ppghistoria.com.br\/en\/wp-json\/wp\/v2\/comments?post=24603"}],"version-history":[{"count":94,"href":"https:\/\/ppghistoria.com.br\/en\/wp-json\/wp\/v2\/pages\/24603\/revisions"}],"predecessor-version":[{"id":28634,"href":"https:\/\/ppghistoria.com.br\/en\/wp-json\/wp\/v2\/pages\/24603\/revisions\/28634"}],"wp:attachment":[{"href":"https:\/\/ppghistoria.com.br\/en\/wp-json\/wp\/v2\/media?parent=24603"}],"curies":[{"name":"wp","href":"https:\/\/api.w.org\/{rel}","templated":true}]}}