{"id":24688,"date":"2021-10-02T09:33:52","date_gmt":"2021-10-02T09:33:52","guid":{"rendered":"https:\/\/ppgtsthis.com.br\/?page_id=24688"},"modified":"2023-03-20T15:20:22","modified_gmt":"2023-03-20T18:20:22","slug":"discentes","status":"publish","type":"page","link":"https:\/\/ppghistoria.com.br\/en\/discentes\/","title":{"rendered":"Discentes"},"content":{"rendered":"<div data-elementor-type=\"wp-page\" data-elementor-id=\"24688\" class=\"elementor elementor-24688\">\n\t\t\t\t\t\t<section class=\"elementor-section elementor-top-section elementor-element elementor-element-79e8971 elementor-section-height-min-height elementor-section-boxed elementor-section-height-default elementor-section-items-middle\" data-id=\"79e8971\" data-element_type=\"section\" data-settings=\"{&quot;background_background&quot;:&quot;classic&quot;}\">\n\t\t\t\t\t\t\t<div class=\"elementor-background-overlay\"><\/div>\n\t\t\t\t\t\t\t<div class=\"elementor-container elementor-column-gap-default\">\n\t\t\t\t\t<div class=\"elementor-column elementor-col-33 elementor-top-column elementor-element elementor-element-e9f5698\" data-id=\"e9f5698\" data-element_type=\"column\">\n\t\t\t<div class=\"elementor-widget-wrap\">\n\t\t\t\t\t\t\t<\/div>\n\t\t<\/div>\n\t\t\t\t<div class=\"elementor-column elementor-col-33 elementor-top-column elementor-element elementor-element-0fc8893\" data-id=\"0fc8893\" data-element_type=\"column\">\n\t\t\t<div class=\"elementor-widget-wrap elementor-element-populated\">\n\t\t\t\t\t\t<div class=\"elementor-element elementor-element-28dbd59 elementor-widget elementor-widget-heading\" data-id=\"28dbd59\" data-element_type=\"widget\" data-widget_type=\"heading.default\">\n\t\t\t\t<div class=\"elementor-widget-container\">\n\t\t\t\t\t<h2 class=\"elementor-heading-title elementor-size-default\">Discentes<\/h2>\t\t\t\t<\/div>\n\t\t\t\t<\/div>\n\t\t\t\t\t<\/div>\n\t\t<\/div>\n\t\t\t\t<div class=\"elementor-column elementor-col-33 elementor-top-column elementor-element elementor-element-0249844\" data-id=\"0249844\" data-element_type=\"column\">\n\t\t\t<div class=\"elementor-widget-wrap\">\n\t\t\t\t\t\t\t<\/div>\n\t\t<\/div>\n\t\t\t\t\t<\/div>\n\t\t<\/section>\n\t\t\t\t<section class=\"elementor-section elementor-top-section elementor-element elementor-element-129bf45 elementor-section-boxed elementor-section-height-default elementor-section-height-default\" data-id=\"129bf45\" data-element_type=\"section\">\n\t\t\t\t\t\t<div class=\"elementor-container elementor-column-gap-default\">\n\t\t\t\t\t<div class=\"elementor-column elementor-col-100 elementor-top-column elementor-element elementor-element-bf213c4\" data-id=\"bf213c4\" data-element_type=\"column\">\n\t\t\t<div class=\"elementor-widget-wrap elementor-element-populated\">\n\t\t\t\t\t\t<div class=\"elementor-element elementor-element-8e3832f elementor-widget elementor-widget-text-editor\" data-id=\"8e3832f\" data-element_type=\"widget\" data-widget_type=\"text-editor.default\">\n\t\t\t\t<div class=\"elementor-widget-container\">\n\t\t\t\t\t\t\t\t\t<p>Painting<strong> <em>Jean Baptiste Debret<\/em><\/strong><\/p>\t\t\t\t\t\t\t\t<\/div>\n\t\t\t\t<\/div>\n\t\t\t\t\t<\/div>\n\t\t<\/div>\n\t\t\t\t\t<\/div>\n\t\t<\/section>\n\t\t\t\t<section class=\"elementor-section elementor-top-section elementor-element elementor-element-c57acf2 elementor-section-boxed elementor-section-height-default elementor-section-height-default\" data-id=\"c57acf2\" data-element_type=\"section\">\n\t\t\t\t\t\t<div class=\"elementor-container elementor-column-gap-default\">\n\t\t\t\t\t<div class=\"elementor-column elementor-col-33 elementor-top-column elementor-element elementor-element-9b704c1\" data-id=\"9b704c1\" data-element_type=\"column\">\n\t\t\t<div class=\"elementor-widget-wrap\">\n\t\t\t\t\t\t\t<\/div>\n\t\t<\/div>\n\t\t\t\t<div class=\"elementor-column elementor-col-33 elementor-top-column elementor-element elementor-element-af88be9\" data-id=\"af88be9\" data-element_type=\"column\">\n\t\t\t<div class=\"elementor-widget-wrap elementor-element-populated\">\n\t\t\t\t\t\t<div class=\"elementor-element elementor-element-e531b10 elementor-widget elementor-widget-text-editor\" data-id=\"e531b10\" data-element_type=\"widget\" data-widget_type=\"text-editor.default\">\n\t\t\t\t<div class=\"elementor-widget-container\">\n\t\t\t\t\t\t\t\t\t<div>Os discentes do&nbsp;<span data-markjs=\"true\" data-ogac=\"\" data-ogab=\"\" data-ogsc=\"\" data-ogsb=\"\">PPGH\/<\/span>UERJ s\u00e3o admitidos ap\u00f3s o processo seletivo para os cursos de mestrado acad\u00eamico e doutorado, conforme editais lan\u00e7ados anualmente, em geral entre os meses de outubro e dezembro.<\/div>\n<div>&nbsp;<\/div>\n<div>Al\u00e9m dos compromissos curriculares e das reuni\u00f5es de orienta\u00e7\u00e3o, os alunos participam de diversas atividades acad\u00eamicas, com destaque para a organiza\u00e7\u00e3o e realiza\u00e7\u00e3o da <a href=\"https:\/\/www.semanadehistoriapoliticauerj.com\/\" target=\"_blank\" rel=\"noopener\">Semana de Hist\u00f3ria Pol\u00edtica<\/a>, evento anual que j\u00e1 obteve alcance e reconhecimento nacional!<\/div>\n<div>&nbsp;<\/div>\n<div>Cabe tamb\u00e9m aos discentes a organiza\u00e7\u00e3o e publica\u00e7\u00e3o da <a href=\"https:\/\/www.e-publicacoes.uerj.br\/index.php\/dia-logos\" target=\"_blank\" rel=\"noopener\">Revista&nbsp;<i>Dia-Logos<\/i><\/a>, apoia por colegas e professores.<br><span style=\"font-style: inherit; font-weight: inherit;\"><br><\/span><span style=\"font-style: inherit; font-weight: inherit;\">Todos os alunos ativos em 2021, inclusive os ingressantes em anos anteriores, devem preencher o formul\u00e1rio de informa\u00e7\u00f5es complementares do Programa para a plataforma Sucupira.<\/span><br><span style=\"font-style: inherit; font-weight: inherit;\">Link: <a href=\"https:\/\/forms.gle\/DZueCM9zDKLsPit76\">https:\/\/forms.gle\/DZueCM9zDKLsPit76<\/a><\/span><\/div>\t\t\t\t\t\t\t\t<\/div>\n\t\t\t\t<\/div>\n\t\t\t\t\t<\/div>\n\t\t<\/div>\n\t\t\t\t<div class=\"elementor-column elementor-col-33 elementor-top-column elementor-element elementor-element-5c33cf6\" data-id=\"5c33cf6\" data-element_type=\"column\">\n\t\t\t<div class=\"elementor-widget-wrap\">\n\t\t\t\t\t\t\t<\/div>\n\t\t<\/div>\n\t\t\t\t\t<\/div>\n\t\t<\/section>\n\t\t\t\t<\/div>","protected":false},"excerpt":{"rendered":"<p>Discentes Pintura: Jean Baptiste Debret Os discentes do&nbsp;PPGH\/UERJ s\u00e3o admitidos ap\u00f3s o processo seletivo para os cursos de mestrado acad\u00eamico e doutorado, conforme editais lan\u00e7ados anualmente, em geral entre os meses de outubro e dezembro. &nbsp; Al\u00e9m dos compromissos curriculares e das reuni\u00f5es de orienta\u00e7\u00e3o, os alunos participam de diversas atividades acad\u00eamicas, com destaque para [&hellip;]<\/p>","protected":false},"author":1,"featured_media":0,"parent":0,"menu_order":0,"comment_status":"closed","ping_status":"closed","template":"","meta":{"site-sidebar-layout":"no-sidebar","site-content-layout":"page-builder","ast-site-content-layout":"","site-content-style":"default","site-sidebar-style":"default","ast-global-header-display":"","ast-banner-title-visibility":"","ast-main-header-display":"","ast-hfb-above-header-display":"","ast-hfb-below-header-display":"","ast-hfb-mobile-header-display":"","site-post-title":"disabled","ast-breadcrumbs-content":"","ast-featured-img":"disabled","footer-sml-layout":"","theme-transparent-header-meta":"","adv-header-id-meta":"","stick-header-meta":"","header-above-stick-meta":"","header-main-stick-meta":"","header-below-stick-meta":"","astra-migrate-meta-layouts":"default","ast-page-background-enabled":"default","ast-page-background-meta":{"desktop":{"background-color":"","background-image":"","background-repeat":"repeat","background-position":"center center","background-size":"auto","background-attachment":"scroll","background-type":"","background-media":"","overlay-type":"","overlay-color":"","overlay-gradient":""},"tablet":{"background-color":"","background-image":"","background-repeat":"repeat","background-position":"center center","background-size":"auto","background-attachment":"scroll","background-type":"","background-media":"","overlay-type":"","overlay-color":"","overlay-gradient":""},"mobile":{"background-color":"","background-image":"","background-repeat":"repeat","background-position":"center center","background-size":"auto","background-attachment":"scroll","background-type":"","background-media":"","overlay-type":"","overlay-color":"","overlay-gradient":""}},"ast-content-background-meta":{"desktop":{"background-color":"var(--ast-global-color-5)","background-image":"","background-repeat":"repeat","background-position":"center center","background-size":"auto","background-attachment":"scroll","background-type":"","background-media":"","overlay-type":"","overlay-color":"","overlay-gradient":""},"tablet":{"background-color":"var(--ast-global-color-5)","background-image":"","background-repeat":"repeat","background-position":"center center","background-size":"auto","background-attachment":"scroll","background-type":"","background-media":"","overlay-type":"","overlay-color":"","overlay-gradient":""},"mobile":{"background-color":"var(--ast-global-color-5)","background-image":"","background-repeat":"repeat","background-position":"center center","background-size":"auto","background-attachment":"scroll","background-type":"","background-media":"","overlay-type":"","overlay-color":"","overlay-gradient":""}},"footnotes":""},"class_list":["post-24688","page","type-page","status-publish","hentry"],"jetpack_sharing_enabled":true,"_links":{"self":[{"href":"https:\/\/ppghistoria.com.br\/en\/wp-json\/wp\/v2\/pages\/24688","targetHints":{"allow":["GET"]}}],"collection":[{"href":"https:\/\/ppghistoria.com.br\/en\/wp-json\/wp\/v2\/pages"}],"about":[{"href":"https:\/\/ppghistoria.com.br\/en\/wp-json\/wp\/v2\/types\/page"}],"author":[{"embeddable":true,"href":"https:\/\/ppghistoria.com.br\/en\/wp-json\/wp\/v2\/users\/1"}],"replies":[{"embeddable":true,"href":"https:\/\/ppghistoria.com.br\/en\/wp-json\/wp\/v2\/comments?post=24688"}],"version-history":[{"count":28,"href":"https:\/\/ppghistoria.com.br\/en\/wp-json\/wp\/v2\/pages\/24688\/revisions"}],"predecessor-version":[{"id":27989,"href":"https:\/\/ppghistoria.com.br\/en\/wp-json\/wp\/v2\/pages\/24688\/revisions\/27989"}],"wp:attachment":[{"href":"https:\/\/ppghistoria.com.br\/en\/wp-json\/wp\/v2\/media?parent=24688"}],"curies":[{"name":"wp","href":"https:\/\/api.w.org\/{rel}","templated":true}]}}