{"id":24689,"date":"2021-10-02T09:33:52","date_gmt":"2021-10-02T09:33:52","guid":{"rendered":"https:\/\/ppgtsthis.com.br\/?page_id=24689"},"modified":"2026-03-03T10:23:04","modified_gmt":"2026-03-03T13:23:04","slug":"calendario-anual","status":"publish","type":"page","link":"https:\/\/ppghistoria.com.br\/en\/calendario-anual\/","title":{"rendered":"Calend\u00e1rio Anual"},"content":{"rendered":"<div data-elementor-type=\"wp-page\" data-elementor-id=\"24689\" class=\"elementor elementor-24689\">\n\t\t\t\t\t\t<section class=\"elementor-section elementor-top-section elementor-element elementor-element-2299f048 elementor-section-boxed elementor-section-height-default elementor-section-height-default\" data-id=\"2299f048\" data-element_type=\"section\">\n\t\t\t\t\t\t<div class=\"elementor-container elementor-column-gap-default\">\n\t\t\t\t\t<div class=\"elementor-column elementor-col-100 elementor-top-column elementor-element elementor-element-5dc68b24\" data-id=\"5dc68b24\" data-element_type=\"column\">\n\t\t\t<div class=\"elementor-widget-wrap elementor-element-populated\">\n\t\t\t\t\t\t<div class=\"elementor-element elementor-element-6b8c3284 elementor-widget elementor-widget-text-editor\" data-id=\"6b8c3284\" data-element_type=\"widget\" data-widget_type=\"text-editor.default\">\n\t\t\t\t<div class=\"elementor-widget-container\">\n\t\t\t\t\t\t\t\t\t\n<p><a href=\"https:\/\/ppghistoria.com.br\/wp-content\/uploads\/2026\/03\/PPGH-Calendario-Academico-2026-Retificado.pdf\"><strong>Calend\u00e1rio Acad\u00eamico Anual 2026<\/strong><\/a><\/p>\n<p><a href=\"https:\/\/ppghistoria.com.br\/wp-content\/uploads\/2025\/07\/PPGH-Calendario-Academico-2025.pdf\"><span style=\"color: #993366;\"><strong>Calend\u00e1rio Acad\u00eamico Anual 2025<\/strong><\/span><\/a><\/p>\n<p><strong><a href=\"https:\/\/ppghistoria.com.br\/wp-content\/uploads\/2024\/07\/PPGH-Calendario-2024.pdf\">Calend\u00e1rio Acad\u00eamico Anual 2024<\/a><\/strong><\/p>\n\n<p><strong><a href=\"https:\/\/ppghistoria.com.br\/wp-content\/uploads\/2023\/01\/PPGH-Calendario-2023.pdf\">Calend\u00e1rio Acad\u00eamico Anual 2023<\/a><\/strong><\/p>\n\n<p><strong><a href=\"https:\/\/ppghistoria.com.br\/wp-content\/uploads\/2022\/05\/Calendario-Academico-PPGH-2022.pdf\">Calend\u00e1rio Acad\u00eamico Anual 2022<\/a><\/strong><\/p>\n\n<p><strong><a href=\"https:\/\/ppghistoria.com.br\/wp-content\/uploads\/2021\/10\/CALENDARIO-ESCOLAR-2021-4.pdf\">Calend\u00e1rio Acad\u00eamico Anual 2021<\/a><\/strong><\/p>\n\t\t\t\t\t\t\t\t<\/div>\n\t\t\t\t<\/div>\n\t\t\t\t\t<\/div>\n\t\t<\/div>\n\t\t\t\t\t<\/div>\n\t\t<\/section>\n\t\t\t\t<\/div>","protected":false},"excerpt":{"rendered":"<p>Calend\u00e1rio Acad\u00eamico Anual 2026 Calend\u00e1rio Acad\u00eamico Anual 2025 Calend\u00e1rio Acad\u00eamico Anual 2024 Calend\u00e1rio Acad\u00eamico Anual 2023 Calend\u00e1rio Acad\u00eamico Anual 2022 Calend\u00e1rio Acad\u00eamico Anual 2021<\/p>","protected":false},"author":1,"featured_media":0,"parent":0,"menu_order":0,"comment_status":"closed","ping_status":"closed","template":"","meta":{"site-sidebar-layout":"default","site-content-layout":"","ast-site-content-layout":"default","site-content-style":"default","site-sidebar-style":"default","ast-global-header-display":"","ast-banner-title-visibility":"","ast-main-header-display":"","ast-hfb-above-header-display":"","ast-hfb-below-header-display":"","ast-hfb-mobile-header-display":"","site-post-title":"","ast-breadcrumbs-content":"","ast-featured-img":"","footer-sml-layout":"","theme-transparent-header-meta":"","adv-header-id-meta":"","stick-header-meta":"","header-above-stick-meta":"","header-main-stick-meta":"","header-below-stick-meta":"","astra-migrate-meta-layouts":"set","ast-page-background-enabled":"default","ast-page-background-meta":{"desktop":{"background-color":"","background-image":"","background-repeat":"repeat","background-position":"center center","background-size":"auto","background-attachment":"scroll","background-type":"","background-media":"","overlay-type":"","overlay-color":"","overlay-gradient":""},"tablet":{"background-color":"","background-image":"","background-repeat":"repeat","background-position":"center center","background-size":"auto","background-attachment":"scroll","background-type":"","background-media":"","overlay-type":"","overlay-color":"","overlay-gradient":""},"mobile":{"background-color":"","background-image":"","background-repeat":"repeat","background-position":"center center","background-size":"auto","background-attachment":"scroll","background-type":"","background-media":"","overlay-type":"","overlay-color":"","overlay-gradient":""}},"ast-content-background-meta":{"desktop":{"background-color":"var(--ast-global-color-5)","background-image":"","background-repeat":"repeat","background-position":"center center","background-size":"auto","background-attachment":"scroll","background-type":"","background-media":"","overlay-type":"","overlay-color":"","overlay-gradient":""},"tablet":{"background-color":"var(--ast-global-color-5)","background-image":"","background-repeat":"repeat","background-position":"center center","background-size":"auto","background-attachment":"scroll","background-type":"","background-media":"","overlay-type":"","overlay-color":"","overlay-gradient":""},"mobile":{"background-color":"var(--ast-global-color-5)","background-image":"","background-repeat":"repeat","background-position":"center center","background-size":"auto","background-attachment":"scroll","background-type":"","background-media":"","overlay-type":"","overlay-color":"","overlay-gradient":""}},"footnotes":""},"class_list":["post-24689","page","type-page","status-publish","hentry"],"jetpack_sharing_enabled":true,"_links":{"self":[{"href":"https:\/\/ppghistoria.com.br\/en\/wp-json\/wp\/v2\/pages\/24689","targetHints":{"allow":["GET"]}}],"collection":[{"href":"https:\/\/ppghistoria.com.br\/en\/wp-json\/wp\/v2\/pages"}],"about":[{"href":"https:\/\/ppghistoria.com.br\/en\/wp-json\/wp\/v2\/types\/page"}],"author":[{"embeddable":true,"href":"https:\/\/ppghistoria.com.br\/en\/wp-json\/wp\/v2\/users\/1"}],"replies":[{"embeddable":true,"href":"https:\/\/ppghistoria.com.br\/en\/wp-json\/wp\/v2\/comments?post=24689"}],"version-history":[{"count":34,"href":"https:\/\/ppghistoria.com.br\/en\/wp-json\/wp\/v2\/pages\/24689\/revisions"}],"predecessor-version":[{"id":31757,"href":"https:\/\/ppghistoria.com.br\/en\/wp-json\/wp\/v2\/pages\/24689\/revisions\/31757"}],"wp:attachment":[{"href":"https:\/\/ppghistoria.com.br\/en\/wp-json\/wp\/v2\/media?parent=24689"}],"curies":[{"name":"wp","href":"https:\/\/api.w.org\/{rel}","templated":true}]}}