{"id":27848,"date":"2023-03-06T12:35:37","date_gmt":"2023-03-06T15:35:37","guid":{"rendered":"https:\/\/ppghistoria.com.br\/?page_id=27848"},"modified":"2026-02-11T15:10:14","modified_gmt":"2026-02-11T18:10:14","slug":"pdse","status":"publish","type":"page","link":"https:\/\/ppghistoria.com.br\/en\/pdse\/","title":{"rendered":""},"content":{"rendered":"<div data-elementor-type=\"wp-page\" data-elementor-id=\"27848\" class=\"elementor elementor-27848\">\n\t\t\t\t\t\t<section class=\"elementor-section elementor-top-section elementor-element elementor-element-4ea17de elementor-section-height-min-height elementor-section-stretched elementor-section-boxed elementor-section-height-default elementor-section-items-middle\" data-id=\"4ea17de\" data-element_type=\"section\" data-settings=\"{&quot;background_background&quot;:&quot;classic&quot;,&quot;stretch_section&quot;:&quot;section-stretched&quot;}\">\n\t\t\t\t\t\t\t<div class=\"elementor-background-overlay\"><\/div>\n\t\t\t\t\t\t\t<div class=\"elementor-container elementor-column-gap-default\">\n\t\t\t\t\t<div class=\"elementor-column elementor-col-50 elementor-top-column elementor-element elementor-element-fb9f623\" data-id=\"fb9f623\" data-element_type=\"column\">\n\t\t\t<div class=\"elementor-widget-wrap elementor-element-populated\">\n\t\t\t\t\t\t<div class=\"elementor-element elementor-element-3f3460c elementor-widget elementor-widget-heading\" data-id=\"3f3460c\" data-element_type=\"widget\" data-widget_type=\"heading.default\">\n\t\t\t\t<div class=\"elementor-widget-container\">\n\t\t\t\t\t<h2 class=\"elementor-heading-title elementor-size-default\">Programa de Doutorado Sandu\u00edche no Exterior (PDSE)<\/h2>\t\t\t\t<\/div>\n\t\t\t\t<\/div>\n\t\t\t\t\t<\/div>\n\t\t<\/div>\n\t\t\t\t<div class=\"elementor-column elementor-col-50 elementor-top-column elementor-element elementor-element-d3c8a11\" data-id=\"d3c8a11\" data-element_type=\"column\">\n\t\t\t<div class=\"elementor-widget-wrap\">\n\t\t\t\t\t\t\t<\/div>\n\t\t<\/div>\n\t\t\t\t\t<\/div>\n\t\t<\/section>\n\t\t\t\t<section class=\"elementor-section elementor-top-section elementor-element elementor-element-5af3fdd elementor-section-boxed elementor-section-height-default elementor-section-height-default\" data-id=\"5af3fdd\" data-element_type=\"section\">\n\t\t\t\t\t\t<div class=\"elementor-container elementor-column-gap-default\">\n\t\t\t\t\t<div class=\"elementor-column elementor-col-50 elementor-top-column elementor-element elementor-element-78a86ba\" data-id=\"78a86ba\" data-element_type=\"column\">\n\t\t\t<div class=\"elementor-widget-wrap elementor-element-populated\">\n\t\t\t\t\t\t<div class=\"elementor-element elementor-element-00918bb elementor-widget elementor-widget-text-editor\" data-id=\"00918bb\" data-element_type=\"widget\" data-widget_type=\"text-editor.default\">\n\t\t\t\t<div class=\"elementor-widget-container\">\n\t\t\t\t\t\t\t\t\t<p>Painting <strong>Vincent van Gogh<\/strong><\/p>\t\t\t\t\t\t\t\t<\/div>\n\t\t\t\t<\/div>\n\t\t\t\t<div class=\"elementor-element elementor-element-9c9f11b elementor-widget elementor-widget-text-editor\" data-id=\"9c9f11b\" data-element_type=\"widget\" data-widget_type=\"text-editor.default\">\n\t\t\t\t<div class=\"elementor-widget-container\">\n\t\t\t\t\t\t\t\t\t<p><strong>Objectives:<\/strong><\/p><p class=\"translation-block\">Individual scholarship aimed at supporting the training of high-level human resources in part-time PhD studies abroad.<\/p><p><strong>Advantages:<\/strong><\/p><ul><li>Monthly payment<\/li><li>Travel assistance<\/li><li>Installation assistance<\/li><li>Health insurance assistance<\/li><li>Additional location, when applicable.<\/li><\/ul>\t\t\t\t\t\t\t\t<\/div>\n\t\t\t\t<\/div>\n\t\t\t\t<div class=\"elementor-element elementor-element-87c249c elementor-widget elementor-widget-text-editor\" data-id=\"87c249c\" data-element_type=\"widget\" data-widget_type=\"text-editor.default\">\n\t\t\t\t<div class=\"elementor-widget-container\">\n\t\t\t\t\t\t\t\t\t<p>Sele\u00e7\u00e3o<b> 2026\/2\u00ba semestre<\/b><\/p><ul><li style=\"font-size: 16px;\"><a href=\"https:\/\/drive.google.com\/file\/d\/1QqyHPcPz8pbizqYSvD5GYdNazQIDFGlK\/view?usp=sharing\"><strong>Edital n.\u00ba <strong style=\"font-size: 16px;\">01\/2026<\/strong>\u00a0&#8211; \u00a0PPGH\/UERJ<\/strong><\/a><\/li><li style=\"font-size: 16px;\"><a href=\"https:\/\/drive.google.com\/file\/d\/16ZU60jR-l7Jsb4c3PWap9q0BbCUShkHA\/view?usp=drive_link\"><strong>Documento Orientador PR-2\/UERJ<\/strong><\/a><\/li><li style=\"font-size: 16px;\"><a href=\"https:\/\/drive.google.com\/file\/d\/1hTCMAM5S20WgGTDY7PT-RE1EX_mPb2Lg\/view?usp=drive_link\"><strong>Edital CAPES<\/strong><\/a><\/li><li><strong><a href=\"https:\/\/drive.google.com\/file\/d\/1ealP9baLjakHWkeVRRNtLV8xP0V1ZBJs\/view?usp=drive_link\">Resultado das Inscri\u00e7\u00f5es<\/a><\/strong><\/li><li><strong><a href=\"https:\/\/drive.google.com\/file\/d\/1Yh9ZwZ1rAkLey62PWj-YioX1HTebZoKh\/view?usp=sharing\">Ata da Comiss\u00e3o de Sele\u00e7\u00e3o Interna (PPGH\/UERJ) &#8211; Resultado<\/a><\/strong><\/li><li><a href=\"https:\/\/drive.google.com\/file\/d\/1ajrFb0HXV5E8ASu8jMYviz7H1HAjoUGm\/view?usp=sharing\"><strong>Resultado Final<\/strong><\/a><\/li><\/ul>\t\t\t\t\t\t\t\t<\/div>\n\t\t\t\t<\/div>\n\t\t\t\t<div class=\"elementor-element elementor-element-f06aa23 elementor-widget elementor-widget-text-editor\" data-id=\"f06aa23\" data-element_type=\"widget\" data-widget_type=\"text-editor.default\">\n\t\t\t\t<div class=\"elementor-widget-container\">\n\t\t\t\t\t\t\t\t\t<p><b>Sele\u00e7\u00e3o 2026\/1\u00ba semestre<\/b><\/p><ul><li style=\"font-size: 16px;\"><a href=\"https:\/\/drive.google.com\/file\/d\/1lbgTpyMnPTfuKf0Z0EhcCQLqtYyoM9FH\/view?usp=drive_link\"><strong>Edital n.\u00ba <strong style=\"font-size: 16px;\">02\/2025<\/strong>\u00a0&#8211; \u00a0PPGH\/UERJ<\/strong><\/a><\/li><li style=\"font-size: 16px;\"><a href=\"https:\/\/drive.google.com\/file\/d\/16ZU60jR-l7Jsb4c3PWap9q0BbCUShkHA\/view?usp=drive_link\"><strong>Documento Orientador PR-2\/UERJ<\/strong><\/a><\/li><li style=\"font-size: 16px;\"><a href=\"https:\/\/drive.google.com\/file\/d\/1hTCMAM5S20WgGTDY7PT-RE1EX_mPb2Lg\/view?usp=drive_link\"><strong>Edital CAPES<\/strong><\/a><\/li><li><a href=\"https:\/\/drive.google.com\/file\/d\/1Bu0_bwbfeOvEHXo2DwD0OT2YjImYZVIw\/view?usp=drive_link\"><strong>Resultado das Inscri\u00e7\u00f5es<\/strong><\/a><\/li><li><a href=\"https:\/\/drive.google.com\/file\/d\/1yzRhrpn5dt6PIjeKRmTOVO2I94jtA-3t\/view?usp=drive_link\"><b>Ata da Comiss\u00e3o de Sele\u00e7\u00e3o Interna (PPGH\/UERJ) &#8211; Resultado<\/b><\/a><\/li><li><a href=\"https:\/\/drive.google.com\/file\/d\/1orqeGZx-rCv21Ss-ZcwEc80DdrE3M8N8\/view?usp=drive_link\"><b>Resultado Final\u00a0<\/b><\/a><\/li><\/ul>\t\t\t\t\t\t\t\t<\/div>\n\t\t\t\t<\/div>\n\t\t\t\t<div class=\"elementor-element elementor-element-33f6c2d elementor-widget elementor-widget-text-editor\" data-id=\"33f6c2d\" data-element_type=\"widget\" data-widget_type=\"text-editor.default\">\n\t\t\t\t<div class=\"elementor-widget-container\">\n\t\t\t\t\t\t\t\t\t<p><b>Sele\u00e7\u00e3o 2025\/1\u00ba semestre<\/b><\/p><ul><li style=\"font-size: 16px;\"><a href=\"https:\/\/ppghistoria.com.br\/wp-content\/uploads\/2025\/01\/PPGH-Edital_1_2025-_versao-final.pdf\"><strong>Edital n.\u00ba <strong style=\"font-size: 16px;\">01\/2025<\/strong>\u00a0&#8211; \u00a0PPGH\/UERJ<\/strong><\/a><\/li><li style=\"font-size: 16px;\"><a href=\"https:\/\/ppghistoria.com.br\/wp-content\/uploads\/2025\/01\/Documento-Orientador-e-Calendario-Interno-PDSE-UERJ-2025.pdf\"><strong>Documento Orientador PR-2\/UERJ<\/strong><\/a><\/li><li style=\"font-size: 16px;\"><a href=\"https:\/\/ppghistoria.com.br\/wp-content\/uploads\/2025\/01\/08102024_Edital_2474014_SEI_2472849_Edital_26_2024.pdf\"><strong>Edital CAPES<\/strong><\/a><\/li><li><a href=\"https:\/\/ppghistoria.com.br\/wp-content\/uploads\/2025\/01\/2025.01.28-PDSE-Resultado-das-Inscricoes.docx.pdf\"><strong>Resultado das Inscri\u00e7\u00f5es<\/strong><\/a><\/li><li><a href=\"https:\/\/ppghistoria.com.br\/wp-content\/uploads\/2025\/02\/SEI_ERJ-92617520-Ata-de-Reuniao.pdf\"><b>Ata da Comiss\u00e3o de Sele\u00e7\u00e3o Interna (PPGH\/UERJ) &#8211; Resultado<\/b><\/a><\/li><li><a href=\"https:\/\/ppghistoria.com.br\/wp-content\/uploads\/2025\/01\/2025.01.28-PDSE-Resultado-Final.docx.pdf\"><b>Resultado Final\u00a0<\/b><\/a><\/li><\/ul>\t\t\t\t\t\t\t\t<\/div>\n\t\t\t\t<\/div>\n\t\t\t\t<div class=\"elementor-element elementor-element-15a4a70 elementor-widget elementor-widget-text-editor\" data-id=\"15a4a70\" data-element_type=\"widget\" data-widget_type=\"text-editor.default\">\n\t\t\t\t<div class=\"elementor-widget-container\">\n\t\t\t\t\t\t\t\t\t<p><b>Sele\u00e7\u00e3o 2024\/1\u00ba semestre<\/b><\/p><ul><li style=\"font-size: 16px;\"><a href=\"https:\/\/ppghistoria.com.br\/wp-content\/uploads\/2024\/05\/PPGH-Edital_1_2024.pdf\"><strong>Edital n.\u00ba <strong style=\"font-size: 16px;\">01\/2024<\/strong> &#8211; \u00a0PPGH\/UERJ<\/strong><\/a><\/li><li style=\"font-size: 16px;\"><strong><a href=\"https:\/\/ppghistoria.com.br\/wp-content\/uploads\/2024\/05\/PR2-Documento-Orientador-e-Calendario-Interno-PDSE.pdf\">Documento Orientador PR-2\/UERJ<\/a><\/strong><\/li><li style=\"font-size: 16px;\"><a href=\"https:\/\/ppghistoria.com.br\/wp-content\/uploads\/2024\/05\/CAPES-Edital_6_2024.pdf\"><strong>Edital CAPES n.\u00ba 06\/2024<\/strong><\/a><\/li><li><a href=\"https:\/\/ppghistoria.com.br\/wp-content\/uploads\/2024\/05\/2024.04.21-PDSE-Resultado-das-Inscricoes.pdf\"><strong>2024.04.21 &#8211; Resultado das Inscri\u00e7\u00f5es<\/strong><\/a><\/li><li><a href=\"https:\/\/ppghistoria.com.br\/wp-content\/uploads\/2024\/06\/SEI_73127664_Ata_de_Reuniao.pdf\"><strong>2024.04.26 &#8211; Ata da Comiss\u00e3o de Sele\u00e7\u00e3o Interna (PPGH\/UERJ) &#8211; Resultado\u00a0<\/strong><\/a><\/li><li><a href=\"https:\/\/ppghistoria.com.br\/wp-content\/uploads\/2024\/05\/2024.04.30-PDSE-Resultado-Final-2.pdf\"><strong>2024.04.30 &#8211; Resultado Final<\/strong><\/a><\/li><\/ul>\t\t\t\t\t\t\t\t<\/div>\n\t\t\t\t<\/div>\n\t\t\t\t<div class=\"elementor-element elementor-element-ca72a35 elementor-widget elementor-widget-text-editor\" data-id=\"ca72a35\" data-element_type=\"widget\" data-widget_type=\"text-editor.default\">\n\t\t\t\t<div class=\"elementor-widget-container\">\n\t\t\t\t\t\t\t\t\t<p><b>Sele\u00e7\u00e3o 2023\/2\u00ba semestre<\/b><\/p>\n<ul style=\"font-size: 16px; font-style: normal; font-weight: 600;\">\n<li style=\"font-size: 16px;\"><a href=\"https:\/\/ppghistoria.com.br\/wp-content\/uploads\/2023\/11\/2023.-Edital_Interno_PPGH_PDSE_2024.pdf\">Edital interno&nbsp;PPGH\/UERJ<\/a><\/li>\n<li style=\"font-size: 16px;\"><a href=\"https:\/\/ppghistoria.com.br\/wp-content\/uploads\/2023\/11\/UER_SR2_Edital_2_2023_PDSE_Interno.pdf\">Edital&nbsp;PR-2\/UERJ<\/a><\/li>\n<li style=\"font-size: 16px;\"><a href=\"https:\/\/ppghistoria.com.br\/wp-content\/uploads\/2023\/11\/CAPES_Edital_30_2023_PDSE.pdf\">Edital&nbsp;CAPES<\/a><\/li>\n<\/ul>\t\t\t\t\t\t\t\t<\/div>\n\t\t\t\t<\/div>\n\t\t\t\t<div class=\"elementor-element elementor-element-1f7f013 elementor-widget elementor-widget-text-editor\" data-id=\"1f7f013\" data-element_type=\"widget\" data-widget_type=\"text-editor.default\">\n\t\t\t\t<div class=\"elementor-widget-container\">\n\t\t\t\t\t\t\t\t\t<p><b>Sele\u00e7\u00e3o 2023\/1\u00ba semestre:<\/b><\/p><ul style=\"font-size: 16px; font-style: normal; font-weight: 600;\"><li style=\"font-size: 16px;\"><a href=\"https:\/\/ppghistoria.com.br\/wp-content\/uploads\/2023\/01\/Edital-Interno.pdf\">Edital interno\u00a0PPGH\/UERJ<\/a><\/li><li style=\"font-size: 16px;\"><a href=\"https:\/\/ppghistoria.com.br\/wp-content\/uploads\/2023\/01\/SR2-Edital-Interno-PDSE-2023.pdf\">Edital\u00a0PR-2\/UERJ<\/a><\/li><li style=\"font-size: 16px;\"><a href=\"https:\/\/ppghistoria.com.br\/wp-content\/uploads\/2023\/01\/Edital-n%C2%B0-44-2022-CAPES.pdf\">Edital\u00a0CAPES<\/a><\/li><li style=\"font-size: 16px;\"><a href=\"https:\/\/ppghistoria.com.br\/wp-content\/uploads\/2023\/03\/PPGH-PDSE-Resultado-Inscricoes.pdf\">Inscri\u00e7\u00f5es homologadas PPGH<\/a><\/li><li style=\"font-size: 16px;\"><a href=\"https:\/\/ppghistoria.com.br\/wp-content\/uploads\/2023\/03\/Resultado-da-selecao-PDSE-2023.pdf\">Resultado da sele\u00e7\u00e3o bolsa PDSE<\/a><\/li><\/ul>\t\t\t\t\t\t\t\t<\/div>\n\t\t\t\t<\/div>\n\t\t\t\t<div class=\"elementor-element elementor-element-4a0c280 elementor-widget elementor-widget-image\" data-id=\"4a0c280\" data-element_type=\"widget\" data-widget_type=\"image.default\">\n\t\t\t\t<div class=\"elementor-widget-container\">\n\t\t\t\t\t\t\t\t\t\t\t\t\t\t\t<img fetchpriority=\"high\" decoding=\"async\" width=\"750\" height=\"420\" src=\"https:\/\/ppghistoria.com.br\/wp-content\/uploads\/2023\/01\/logo_capes.png\" class=\"elementor-animation-grow attachment-full size-full wp-image-27639\" alt=\"\" srcset=\"https:\/\/ppghistoria.com.br\/wp-content\/uploads\/2023\/01\/logo_capes.png 750w, https:\/\/ppghistoria.com.br\/wp-content\/uploads\/2023\/01\/logo_capes-300x168.png 300w\" sizes=\"(max-width: 750px) 100vw, 750px\" \/>\t\t\t\t\t\t\t\t\t\t\t\t\t\t\t<\/div>\n\t\t\t\t<\/div>\n\t\t\t\t\t<\/div>\n\t\t<\/div>\n\t\t\t\t<div class=\"elementor-column elementor-col-50 elementor-top-column elementor-element elementor-element-836ab6f\" data-id=\"836ab6f\" data-element_type=\"column\">\n\t\t\t<div class=\"elementor-widget-wrap\">\n\t\t\t\t\t\t\t<\/div>\n\t\t<\/div>\n\t\t\t\t\t<\/div>\n\t\t<\/section>\n\t\t\t\t<\/div>","protected":false},"excerpt":{"rendered":"<p>Programa de Doutorado Sandu\u00edche no Exterior (PDSE) Pintura: Vincent van Gogh Objetivos: Bolsa individual destinada a\u00a0 apoiar a forma\u00e7\u00e3o de recursos humanos de alto n\u00edvel em per\u00edodo de doutorado sandu\u00edche no exterior. Benef\u00edcios: Mensalidade Aux\u00edlio deslocamento Aux\u00edlio instala\u00e7\u00e3o Aux\u00edlio seguro-sa\u00fade Adicional localidade, quando for o caso. Sele\u00e7\u00e3o 2026\/2\u00ba semestre Edital n.\u00ba 01\/2026\u00a0&#8211; \u00a0PPGH\/UERJ Documento Orientador [&hellip;]<\/p>","protected":false},"author":1,"featured_media":0,"parent":0,"menu_order":0,"comment_status":"closed","ping_status":"closed","template":"","meta":{"site-sidebar-layout":"default","site-content-layout":"","ast-site-content-layout":"","site-content-style":"default","site-sidebar-style":"default","ast-global-header-display":"","ast-banner-title-visibility":"","ast-main-header-display":"","ast-hfb-above-header-display":"","ast-hfb-below-header-display":"","ast-hfb-mobile-header-display":"","site-post-title":"","ast-breadcrumbs-content":"","ast-featured-img":"","footer-sml-layout":"","theme-transparent-header-meta":"","adv-header-id-meta":"","stick-header-meta":"","header-above-stick-meta":"","header-main-stick-meta":"","header-below-stick-meta":"","astra-migrate-meta-layouts":"default","ast-page-background-enabled":"default","ast-page-background-meta":{"desktop":{"background-color":"","background-image":"","background-repeat":"repeat","background-position":"center center","background-size":"auto","background-attachment":"scroll","background-type":"","background-media":"","overlay-type":"","overlay-color":"","overlay-gradient":""},"tablet":{"background-color":"","background-image":"","background-repeat":"repeat","background-position":"center center","background-size":"auto","background-attachment":"scroll","background-type":"","background-media":"","overlay-type":"","overlay-color":"","overlay-gradient":""},"mobile":{"background-color":"","background-image":"","background-repeat":"repeat","background-position":"center center","background-size":"auto","background-attachment":"scroll","background-type":"","background-media":"","overlay-type":"","overlay-color":"","overlay-gradient":""}},"ast-content-background-meta":{"desktop":{"background-color":"var(--ast-global-color-5)","background-image":"","background-repeat":"repeat","background-position":"center center","background-size":"auto","background-attachment":"scroll","background-type":"","background-media":"","overlay-type":"","overlay-color":"","overlay-gradient":""},"tablet":{"background-color":"var(--ast-global-color-5)","background-image":"","background-repeat":"repeat","background-position":"center center","background-size":"auto","background-attachment":"scroll","background-type":"","background-media":"","overlay-type":"","overlay-color":"","overlay-gradient":""},"mobile":{"background-color":"var(--ast-global-color-5)","background-image":"","background-repeat":"repeat","background-position":"center center","background-size":"auto","background-attachment":"scroll","background-type":"","background-media":"","overlay-type":"","overlay-color":"","overlay-gradient":""}},"footnotes":""},"class_list":["post-27848","page","type-page","status-publish","hentry"],"jetpack_sharing_enabled":true,"_links":{"self":[{"href":"https:\/\/ppghistoria.com.br\/en\/wp-json\/wp\/v2\/pages\/27848","targetHints":{"allow":["GET"]}}],"collection":[{"href":"https:\/\/ppghistoria.com.br\/en\/wp-json\/wp\/v2\/pages"}],"about":[{"href":"https:\/\/ppghistoria.com.br\/en\/wp-json\/wp\/v2\/types\/page"}],"author":[{"embeddable":true,"href":"https:\/\/ppghistoria.com.br\/en\/wp-json\/wp\/v2\/users\/1"}],"replies":[{"embeddable":true,"href":"https:\/\/ppghistoria.com.br\/en\/wp-json\/wp\/v2\/comments?post=27848"}],"version-history":[{"count":74,"href":"https:\/\/ppghistoria.com.br\/en\/wp-json\/wp\/v2\/pages\/27848\/revisions"}],"predecessor-version":[{"id":31609,"href":"https:\/\/ppghistoria.com.br\/en\/wp-json\/wp\/v2\/pages\/27848\/revisions\/31609"}],"wp:attachment":[{"href":"https:\/\/ppghistoria.com.br\/en\/wp-json\/wp\/v2\/media?parent=27848"}],"curies":[{"name":"wp","href":"https:\/\/api.w.org\/{rel}","templated":true}]}}